{"id":8539,"date":"2016-09-22T11:05:09","date_gmt":"2016-09-22T09:05:09","guid":{"rendered":"https:\/\/ms.markeasy.lu\/unsere-dienstleistungen\/pellets\/"},"modified":"2025-09-08T13:12:27","modified_gmt":"2025-09-08T11:12:27","slug":"pellets","status":"publish","type":"page","link":"https:\/\/maisonschroeder.lu\/de\/unsere-dienstleistungen\/pellets\/","title":{"rendered":"Pellets"},"content":{"rendered":"\t\t<div data-elementor-type=\"wp-page\" data-elementor-id=\"8539\" class=\"elementor elementor-8539 elementor-1584\" data-elementor-post-type=\"page\">\n\t\t\t\t\t\t<section class=\"elementor-section elementor-top-section elementor-element elementor-element-5e6bf14 elementor-section-full_width elementor-section-stretched contenu_page elementor-section-height-default elementor-section-height-default\" data-id=\"5e6bf14\" data-element_type=\"section\" data-e-type=\"section\" data-settings=\"{&quot;background_background&quot;:&quot;classic&quot;,&quot;background_motion_fx_motion_fx_scrolling&quot;:&quot;yes&quot;,&quot;background_motion_fx_translateY_effect&quot;:&quot;yes&quot;,&quot;background_motion_fx_translateY_speed&quot;:{&quot;unit&quot;:&quot;px&quot;,&quot;size&quot;:10,&quot;sizes&quot;:[]},&quot;background_motion_fx_opacity_effect&quot;:&quot;yes&quot;,&quot;background_motion_fx_blur_effect&quot;:&quot;yes&quot;,&quot;background_motion_fx_blur_range&quot;:{&quot;unit&quot;:&quot;%&quot;,&quot;size&quot;:&quot;&quot;,&quot;sizes&quot;:{&quot;start&quot;:0,&quot;end&quot;:35}},&quot;stretch_section&quot;:&quot;section-stretched&quot;,&quot;background_motion_fx_translateY_affectedRange&quot;:{&quot;unit&quot;:&quot;%&quot;,&quot;size&quot;:&quot;&quot;,&quot;sizes&quot;:{&quot;start&quot;:0,&quot;end&quot;:100}},&quot;background_motion_fx_opacity_direction&quot;:&quot;out-in&quot;,&quot;background_motion_fx_opacity_level&quot;:{&quot;unit&quot;:&quot;px&quot;,&quot;size&quot;:10,&quot;sizes&quot;:[]},&quot;background_motion_fx_opacity_range&quot;:{&quot;unit&quot;:&quot;%&quot;,&quot;size&quot;:&quot;&quot;,&quot;sizes&quot;:{&quot;start&quot;:20,&quot;end&quot;:80}},&quot;background_motion_fx_blur_direction&quot;:&quot;out-in&quot;,&quot;background_motion_fx_blur_level&quot;:{&quot;unit&quot;:&quot;px&quot;,&quot;size&quot;:7,&quot;sizes&quot;:[]},&quot;background_motion_fx_devices&quot;:[&quot;desktop&quot;,&quot;tablet&quot;,&quot;mobile&quot;]}\">\n\t\t\t\t\t\t\t<div class=\"elementor-background-overlay\"><\/div>\n\t\t\t\t\t\t\t<div class=\"elementor-container elementor-column-gap-no\">\n\t\t\t\t\t<div class=\"elementor-column elementor-col-100 elementor-top-column elementor-element elementor-element-6809a73\" data-id=\"6809a73\" data-element_type=\"column\" data-e-type=\"column\" data-settings=\"{&quot;background_background&quot;:&quot;classic&quot;}\">\n\t\t\t<div class=\"elementor-widget-wrap elementor-element-populated\">\n\t\t\t\t\t\t<section class=\"elementor-section elementor-inner-section elementor-element elementor-element-5196634 elementor-section-full_width elementor-section-height-default elementor-section-height-default\" data-id=\"5196634\" data-element_type=\"section\" data-e-type=\"section\" data-settings=\"{&quot;background_background&quot;:&quot;classic&quot;}\">\n\t\t\t\t\t\t<div class=\"elementor-container elementor-column-gap-no\">\n\t\t\t\t\t<div class=\"elementor-column elementor-col-50 elementor-inner-column elementor-element elementor-element-363ac81 cadre_texte elementor-invisible\" data-id=\"363ac81\" data-element_type=\"column\" data-e-type=\"column\" data-settings=\"{&quot;animation&quot;:&quot;fadeInLeft&quot;,&quot;animation_delay&quot;:400}\">\n\t\t\t<div class=\"elementor-widget-wrap elementor-element-populated\">\n\t\t\t\t\t\t<div class=\"elementor-element elementor-element-53461c9 elementor-widget elementor-widget-heading\" data-id=\"53461c9\" data-element_type=\"widget\" data-e-type=\"widget\" data-widget_type=\"heading.default\">\n\t\t\t\t\t<h2 class=\"elementor-heading-title elementor-size-default\">Pellets<\/h2>\t\t\t\t<\/div>\n\t\t\t\t<div class=\"elementor-element elementor-element-e72e407 elementor-widget elementor-widget-text-editor\" data-id=\"e72e407\" data-element_type=\"widget\" data-e-type=\"widget\" data-widget_type=\"text-editor.default\">\n\t\t\t\t\t\t\t\t\t<p><strong>Pellets sind nicht gleich Pellets: Entscheiden Sie sich f\u00fcr zertifizierte Qualit\u00e4t, um die Leistung und Langlebigkeit Ihres Heizsystems zu gew\u00e4hrleisten.<\/strong><\/p>\t\t\t\t\t\t\t\t<\/div>\n\t\t\t\t<div class=\"elementor-element elementor-element-f2062a3 elementor-widget-divider--view-line elementor-widget elementor-widget-divider\" data-id=\"f2062a3\" data-element_type=\"widget\" data-e-type=\"widget\" data-widget_type=\"divider.default\">\n\t\t\t\t\t\t\t<div class=\"elementor-divider\">\n\t\t\t<span class=\"elementor-divider-separator\">\n\t\t\t\t\t\t<\/span>\n\t\t<\/div>\n\t\t\t\t\t\t<\/div>\n\t\t\t\t<div class=\"elementor-element elementor-element-7e7568e elementor-widget elementor-widget-text-editor\" data-id=\"7e7568e\" data-element_type=\"widget\" data-e-type=\"widget\" data-widget_type=\"text-editor.default\">\n\t\t\t\t\t\t\t\t\t<p>Firestixx sind Enplus- und DINplus-zertifizierte Pellets, hergestellt aus 100 % heimischem Nadelholz.<\/p><p>W\u00e4hrend des gesamten Produktionsprozesses werden Werte wie Staubgehalt, Dichte, Feuchtigkeit oder Abrieb st\u00fcndlich gemessen und dokumentiert. Nur gepr\u00fcfte Produkte, die den strengen Qualit\u00e4tsstandards von FireStixx entsprechen, verlassen das Werk. Bei Pellets minderer Qualit\u00e4t sammelt sich Staub am Boden des Lagerbereichs an. Gelangt dieser in die F\u00f6rdersysteme der Heizungsanlage, kann dies Ihren Ofen schwer besch\u00e4digen und dessen Effizienz mindern.   <\/p>\t\t\t\t\t\t\t\t<\/div>\n\t\t\t\t\t<\/div>\n\t\t<\/div>\n\t\t\t\t<div class=\"elementor-column elementor-col-50 elementor-inner-column elementor-element elementor-element-4485119 cadre_image elementor-invisible\" data-id=\"4485119\" data-element_type=\"column\" data-e-type=\"column\" data-settings=\"{&quot;animation&quot;:&quot;fadeInRight&quot;,&quot;animation_delay&quot;:800,&quot;background_background&quot;:&quot;classic&quot;}\">\n\t\t\t<div class=\"elementor-widget-wrap\">\n\t\t\t\t\t\t\t<\/div>\n\t\t<\/div>\n\t\t\t\t\t<\/div>\n\t\t<\/section>\n\t\t\t\t<section class=\"elementor-section elementor-inner-section elementor-element elementor-element-1447b3c elementor-section-full_width elementor-section-height-default elementor-section-height-default\" data-id=\"1447b3c\" data-element_type=\"section\" data-e-type=\"section\" data-settings=\"{&quot;background_background&quot;:&quot;classic&quot;}\">\n\t\t\t\t\t\t<div class=\"elementor-container elementor-column-gap-no\">\n\t\t\t\t\t<div class=\"elementor-column elementor-col-50 elementor-inner-column elementor-element elementor-element-4f0c9b4 cadre_image elementor-invisible\" data-id=\"4f0c9b4\" data-element_type=\"column\" data-e-type=\"column\" data-settings=\"{&quot;animation&quot;:&quot;fadeInLeft&quot;,&quot;animation_delay&quot;:800,&quot;background_background&quot;:&quot;slideshow&quot;,&quot;background_slideshow_gallery&quot;:[{&quot;id&quot;:7870,&quot;url&quot;:&quot;https:\\\/\\\/maisonschroeder.lu\\\/wp-content\\\/uploads\\\/2025\\\/07\\\/pellets.png&quot;}],&quot;background_slideshow_slide_duration&quot;:2000,&quot;background_slideshow_ken_burns&quot;:&quot;yes&quot;,&quot;background_slideshow_loop&quot;:&quot;yes&quot;,&quot;background_slideshow_slide_transition&quot;:&quot;fade&quot;,&quot;background_slideshow_transition_duration&quot;:500,&quot;background_slideshow_ken_burns_zoom_direction&quot;:&quot;in&quot;}\">\n\t\t\t<div class=\"elementor-widget-wrap\">\n\t\t\t\t\t\t\t<\/div>\n\t\t<\/div>\n\t\t\t\t<div class=\"elementor-column elementor-col-50 elementor-inner-column elementor-element elementor-element-d328b21 cadre_texte elementor-invisible\" data-id=\"d328b21\" data-element_type=\"column\" data-e-type=\"column\" data-settings=\"{&quot;animation&quot;:&quot;fadeInRight&quot;,&quot;animation_delay&quot;:400,&quot;background_background&quot;:&quot;classic&quot;}\">\n\t\t\t<div class=\"elementor-widget-wrap elementor-element-populated\">\n\t\t\t\t\t\t<div class=\"elementor-element elementor-element-2881125 elementor-widget elementor-widget-heading\" data-id=\"2881125\" data-element_type=\"widget\" data-e-type=\"widget\" data-widget_type=\"heading.default\">\n\t\t\t\t\t<h2 class=\"elementor-heading-title elementor-size-default\">Welche Vorteile haben Firestixx Pellets?<\/h2>\t\t\t\t<\/div>\n\t\t\t\t<div class=\"elementor-element elementor-element-6fe13f9 elementor-widget elementor-widget-text-editor\" data-id=\"6fe13f9\" data-element_type=\"widget\" data-e-type=\"widget\" data-widget_type=\"text-editor.default\">\n\t\t\t\t\t\t\t\t\t<p><strong>Alle Vorteile finden Sie hier auf einen Blick:<\/strong><\/p>\t\t\t\t\t\t\t\t<\/div>\n\t\t\t\t<div class=\"elementor-element elementor-element-f38d2e8 elementor-icon-list--layout-traditional elementor-list-item-link-full_width elementor-widget elementor-widget-icon-list\" data-id=\"f38d2e8\" data-element_type=\"widget\" data-e-type=\"widget\" data-widget_type=\"icon-list.default\">\n\t\t\t\t\t\t\t<ul class=\"elementor-icon-list-items\">\n\t\t\t\t\t\t\t<li class=\"elementor-icon-list-item\">\n\t\t\t\t\t\t\t\t\t\t\t<span class=\"elementor-icon-list-icon\">\n\t\t\t\t\t\t\t<svg aria-hidden=\"true\" class=\"e-font-icon-svg e-fas-check\" viewBox=\"0 0 512 512\" xmlns=\"http:\/\/www.w3.org\/2000\/svg\"><path d=\"M173.898 439.404l-166.4-166.4c-9.997-9.997-9.997-26.206 0-36.204l36.203-36.204c9.997-9.998 26.207-9.998 36.204 0L192 312.69 432.095 72.596c9.997-9.997 26.207-9.997 36.204 0l36.203 36.204c9.997 9.997 9.997 26.206 0 36.204l-294.4 294.401c-9.998 9.997-26.207 9.997-36.204-.001z\"><\/path><\/svg>\t\t\t\t\t\t<\/span>\n\t\t\t\t\t\t\t\t\t\t<span class=\"elementor-icon-list-text\">Reduzierung der Emissionen dank nat\u00fcrlicher und nachwachsender Rohstoffe<\/span>\n\t\t\t\t\t\t\t\t\t<\/li>\n\t\t\t\t\t\t\t\t<li class=\"elementor-icon-list-item\">\n\t\t\t\t\t\t\t\t\t\t\t<span class=\"elementor-icon-list-icon\">\n\t\t\t\t\t\t\t<svg aria-hidden=\"true\" class=\"e-font-icon-svg e-fas-check\" viewBox=\"0 0 512 512\" xmlns=\"http:\/\/www.w3.org\/2000\/svg\"><path d=\"M173.898 439.404l-166.4-166.4c-9.997-9.997-9.997-26.206 0-36.204l36.203-36.204c9.997-9.998 26.207-9.998 36.204 0L192 312.69 432.095 72.596c9.997-9.997 26.207-9.997 36.204 0l36.203 36.204c9.997 9.997 9.997 26.206 0 36.204l-294.4 294.401c-9.998 9.997-26.207 9.997-36.204-.001z\"><\/path><\/svg>\t\t\t\t\t\t<\/span>\n\t\t\t\t\t\t\t\t\t\t<span class=\"elementor-icon-list-text\">Geringer Energieverbrauch und reduzierte Heizkosten<\/span>\n\t\t\t\t\t\t\t\t\t<\/li>\n\t\t\t\t\t\t\t\t<li class=\"elementor-icon-list-item\">\n\t\t\t\t\t\t\t\t\t\t\t<span class=\"elementor-icon-list-icon\">\n\t\t\t\t\t\t\t<svg aria-hidden=\"true\" class=\"e-font-icon-svg e-fas-check\" viewBox=\"0 0 512 512\" xmlns=\"http:\/\/www.w3.org\/2000\/svg\"><path d=\"M173.898 439.404l-166.4-166.4c-9.997-9.997-9.997-26.206 0-36.204l36.203-36.204c9.997-9.998 26.207-9.998 36.204 0L192 312.69 432.095 72.596c9.997-9.997 26.207-9.997 36.204 0l36.203 36.204c9.997 9.997 9.997 26.206 0 36.204l-294.4 294.401c-9.998 9.997-26.207 9.997-36.204-.001z\"><\/path><\/svg>\t\t\t\t\t\t<\/span>\n\t\t\t\t\t\t\t\t\t\t<span class=\"elementor-icon-list-text\">Verl\u00e4ngerung der Lebensdauer von Brennern und Kesseln<\/span>\n\t\t\t\t\t\t\t\t\t<\/li>\n\t\t\t\t\t\t\t\t<li class=\"elementor-icon-list-item\">\n\t\t\t\t\t\t\t\t\t\t\t<span class=\"elementor-icon-list-icon\">\n\t\t\t\t\t\t\t<svg aria-hidden=\"true\" class=\"e-font-icon-svg e-fas-check\" viewBox=\"0 0 512 512\" xmlns=\"http:\/\/www.w3.org\/2000\/svg\"><path d=\"M173.898 439.404l-166.4-166.4c-9.997-9.997-9.997-26.206 0-36.204l36.203-36.204c9.997-9.998 26.207-9.998 36.204 0L192 312.69 432.095 72.596c9.997-9.997 26.207-9.997 36.204 0l36.203 36.204c9.997 9.997 9.997 26.206 0 36.204l-294.4 294.401c-9.998 9.997-26.207 9.997-36.204-.001z\"><\/path><\/svg>\t\t\t\t\t\t<\/span>\n\t\t\t\t\t\t\t\t\t\t<span class=\"elementor-icon-list-text\">Weniger Probleme f\u00fcr Heizungsinstallateure, strenge Kriterien f\u00fcr den Transport.<\/span>\n\t\t\t\t\t\t\t\t\t<\/li>\n\t\t\t\t\t\t<\/ul>\n\t\t\t\t\t\t<\/div>\n\t\t\t\t<div class=\"elementor-element elementor-element-b3c7a97 elementor-widget elementor-widget-text-editor\" data-id=\"b3c7a97\" data-element_type=\"widget\" data-e-type=\"widget\" data-widget_type=\"text-editor.default\">\n\t\t\t\t\t\t\t\t\t<p>Nur zertifizierte und geschulte H\u00e4ndler d\u00fcrfen FireStixx verkaufen.<\/p><p>Der pelprotec macht den Unterschied. Beim Bef\u00fcllen des Pelletlagers wird die Oberfl\u00e4che der Pellets mit dem feinen pelprotec-Schutzfilm \u00fcberzogen; dies geschieht bereits im Tankfahrzeug. Dieser nat\u00fcrliche und hauchd\u00fcnne Schutzfilm bietet viele weitere Vorteile: Saubere Verbrennung und sehr geringer Ascheanfall, sicheres und problemloses Flie\u00dfverhalten und sorgt f\u00fcr 95 % weniger Staub beim Einblasen und verhindert so ein Blockieren der Schnecken.  <\/p><p>Wir bieten lose Pellets (bis zu 18 Tonnen) und Sackware (15 kg S\u00e4cke &#8211; 66 S\u00e4cke\/Palette) an.<\/p>\t\t\t\t\t\t\t\t<\/div>\n\t\t\t\t\t<\/div>\n\t\t<\/div>\n\t\t\t\t\t<\/div>\n\t\t<\/section>\n\t\t\t\t\t<\/div>\n\t\t<\/div>\n\t\t\t\t\t<\/div>\n\t\t<\/section>\n\t\t\t\t<\/div>\n\t\t","protected":false},"excerpt":{"rendered":"<p>Pellets sind nicht gleich Pellets: Entscheiden Sie sich f\u00fcr zertifizierte Qualit\u00e4t, um die Leistung und Langlebigkeit Ihres Heizsystems zu gew\u00e4hrleisten. Firestixx sind Enplus- und DINplus-zertifizierte Pellets, hergestellt aus 100 % heimischem Nadelholz. W\u00e4hrend des gesamten Produktionsprozesses werden Werte wie Staubgehalt, Dichte, Feuchtigkeit oder Abrieb st\u00fcndlich gemessen und dokumentiert. Nur gepr\u00fcfte Produkte, die den strengen Qualit\u00e4tsstandards [&hellip;]<\/p>\n","protected":false},"author":1,"featured_media":0,"parent":8528,"menu_order":5,"comment_status":"closed","ping_status":"closed","template":"","meta":{"ocean_post_layout":"full-screen","ocean_both_sidebars_style":"","ocean_both_sidebars_content_width":0,"ocean_both_sidebars_sidebars_width":0,"ocean_sidebar":"0","ocean_second_sidebar":"0","ocean_disable_margins":"on","ocean_add_body_class":"","ocean_shortcode_before_top_bar":"","ocean_shortcode_after_top_bar":"","ocean_shortcode_before_header":"","ocean_shortcode_after_header":"","ocean_has_shortcode":"","ocean_shortcode_after_title":"","ocean_shortcode_before_footer_widgets":"","ocean_shortcode_after_footer_widgets":"","ocean_shortcode_before_footer_bottom":"","ocean_shortcode_after_footer_bottom":"","ocean_display_top_bar":"default","ocean_display_header":"default","ocean_header_style":"","ocean_center_header_left_menu":"0","ocean_custom_header_template":"0","ocean_custom_logo":0,"ocean_custom_retina_logo":0,"ocean_custom_logo_max_width":0,"ocean_custom_logo_tablet_max_width":0,"ocean_custom_logo_mobile_max_width":0,"ocean_custom_logo_max_height":0,"ocean_custom_logo_tablet_max_height":0,"ocean_custom_logo_mobile_max_height":0,"ocean_header_custom_menu":"0","ocean_menu_typo_font_family":"0","ocean_menu_typo_font_subset":"","ocean_menu_typo_font_size":0,"ocean_menu_typo_font_size_tablet":0,"ocean_menu_typo_font_size_mobile":0,"ocean_menu_typo_font_size_unit":"px","ocean_menu_typo_font_weight":"","ocean_menu_typo_font_weight_tablet":"","ocean_menu_typo_font_weight_mobile":"","ocean_menu_typo_transform":"","ocean_menu_typo_transform_tablet":"","ocean_menu_typo_transform_mobile":"","ocean_menu_typo_line_height":0,"ocean_menu_typo_line_height_tablet":0,"ocean_menu_typo_line_height_mobile":0,"ocean_menu_typo_line_height_unit":"","ocean_menu_typo_spacing":0,"ocean_menu_typo_spacing_tablet":0,"ocean_menu_typo_spacing_mobile":0,"ocean_menu_typo_spacing_unit":"","ocean_menu_link_color":"","ocean_menu_link_color_hover":"","ocean_menu_link_color_active":"","ocean_menu_link_background":"","ocean_menu_link_hover_background":"","ocean_menu_link_active_background":"","ocean_menu_social_links_bg":"","ocean_menu_social_hover_links_bg":"","ocean_menu_social_links_color":"","ocean_menu_social_hover_links_color":"","ocean_disable_title":"enable","ocean_disable_heading":"on","ocean_post_title":"","ocean_post_subheading":"","ocean_post_title_style":"","ocean_post_title_background_color":"","ocean_post_title_background":0,"ocean_post_title_bg_image_position":"","ocean_post_title_bg_image_attachment":"","ocean_post_title_bg_image_repeat":"","ocean_post_title_bg_image_size":"","ocean_post_title_height":0,"ocean_post_title_bg_overlay":0.5,"ocean_post_title_bg_overlay_color":"","ocean_disable_breadcrumbs":"off","ocean_breadcrumbs_color":"","ocean_breadcrumbs_separator_color":"","ocean_breadcrumbs_links_color":"","ocean_breadcrumbs_links_hover_color":"","ocean_display_footer_widgets":"on","ocean_display_footer_bottom":"on","ocean_custom_footer_template":"0","footnotes":""},"class_list":["post-8539","page","type-page","status-publish","hentry","entry"],"yoast_head":"<!-- This site is optimized with the Yoast SEO plugin v27.3 - https:\/\/yoast.com\/product\/yoast-seo-wordpress\/ -->\n<title>Pellets - Maison Schroeder | Mazout | Pellets | Leudelange<\/title>\n<meta name=\"robots\" content=\"index, follow, max-snippet:-1, max-image-preview:large, max-video-preview:-1\" \/>\n<link rel=\"canonical\" href=\"https:\/\/maisonschroeder.lu\/de\/unsere-dienstleistungen\/pellets\/\" \/>\n<meta property=\"og:locale\" content=\"de_DE\" \/>\n<meta property=\"og:type\" content=\"article\" \/>\n<meta property=\"og:title\" content=\"Pellets - Maison Schroeder | Mazout | Pellets | Leudelange\" \/>\n<meta property=\"og:description\" content=\"Pellets sind nicht gleich Pellets: Entscheiden Sie sich f\u00fcr zertifizierte Qualit\u00e4t, um die Leistung und Langlebigkeit Ihres Heizsystems zu gew\u00e4hrleisten. Firestixx sind Enplus- und DINplus-zertifizierte Pellets, hergestellt aus 100 % heimischem Nadelholz. W\u00e4hrend des gesamten Produktionsprozesses werden Werte wie Staubgehalt, Dichte, Feuchtigkeit oder Abrieb st\u00fcndlich gemessen und dokumentiert. Nur gepr\u00fcfte Produkte, die den strengen Qualit\u00e4tsstandards [&hellip;]\" \/>\n<meta property=\"og:url\" content=\"https:\/\/maisonschroeder.lu\/de\/unsere-dienstleistungen\/pellets\/\" \/>\n<meta property=\"og:site_name\" content=\"Maison Schroeder | Mazout | Pellets | Leudelange\" \/>\n<meta property=\"article:modified_time\" content=\"2025-09-08T11:12:27+00:00\" \/>\n<meta name=\"twitter:card\" content=\"summary_large_image\" \/>\n<meta name=\"twitter:label1\" content=\"Gesch\u00e4tzte Lesezeit\" \/>\n\t<meta name=\"twitter:data1\" content=\"1\u00a0Minute\" \/>\n<script type=\"application\/ld+json\" class=\"yoast-schema-graph\">{\"@context\":\"https:\\\/\\\/schema.org\",\"@graph\":[{\"@type\":\"WebPage\",\"@id\":\"https:\\\/\\\/maisonschroeder.lu\\\/de\\\/unsere-dienstleistungen\\\/pellets\\\/\",\"url\":\"https:\\\/\\\/maisonschroeder.lu\\\/de\\\/unsere-dienstleistungen\\\/pellets\\\/\",\"name\":\"Pellets - Maison Schroeder | Mazout | Pellets | Leudelange\",\"isPartOf\":{\"@id\":\"https:\\\/\\\/maisonschroeder.lu\\\/de\\\/#website\"},\"datePublished\":\"2016-09-22T09:05:09+00:00\",\"dateModified\":\"2025-09-08T11:12:27+00:00\",\"breadcrumb\":{\"@id\":\"https:\\\/\\\/maisonschroeder.lu\\\/de\\\/unsere-dienstleistungen\\\/pellets\\\/#breadcrumb\"},\"inLanguage\":\"de\",\"potentialAction\":[{\"@type\":\"ReadAction\",\"target\":[\"https:\\\/\\\/maisonschroeder.lu\\\/de\\\/unsere-dienstleistungen\\\/pellets\\\/\"]}]},{\"@type\":\"BreadcrumbList\",\"@id\":\"https:\\\/\\\/maisonschroeder.lu\\\/de\\\/unsere-dienstleistungen\\\/pellets\\\/#breadcrumb\",\"itemListElement\":[{\"@type\":\"ListItem\",\"position\":1,\"name\":\"Startseite\",\"item\":\"https:\\\/\\\/maisonschroeder.lu\\\/de\\\/\"},{\"@type\":\"ListItem\",\"position\":2,\"name\":\"Unsere Dienstleistungen\",\"item\":\"https:\\\/\\\/maisonschroeder.lu\\\/de\\\/unsere-dienstleistungen\\\/\"},{\"@type\":\"ListItem\",\"position\":3,\"name\":\"Pellets\"}]},{\"@type\":\"WebSite\",\"@id\":\"https:\\\/\\\/maisonschroeder.lu\\\/de\\\/#website\",\"url\":\"https:\\\/\\\/maisonschroeder.lu\\\/de\\\/\",\"name\":\"Maison Schroeder | Mazout | Pellets | Leudelange\",\"description\":\"Maison Schroeder | Mazout - Pellets - Lubrifiants - ADBLUE - Veidec - Mat\u00e9riel industriel | Leudelange\",\"publisher\":{\"@id\":\"https:\\\/\\\/maisonschroeder.lu\\\/de\\\/#organization\"},\"potentialAction\":[{\"@type\":\"SearchAction\",\"target\":{\"@type\":\"EntryPoint\",\"urlTemplate\":\"https:\\\/\\\/maisonschroeder.lu\\\/de\\\/?s={search_term_string}\"},\"query-input\":{\"@type\":\"PropertyValueSpecification\",\"valueRequired\":true,\"valueName\":\"search_term_string\"}}],\"inLanguage\":\"de\"},{\"@type\":\"Organization\",\"@id\":\"https:\\\/\\\/maisonschroeder.lu\\\/de\\\/#organization\",\"name\":\"Maison Schroeder | Mazout | Pellets | Leudelange\",\"url\":\"https:\\\/\\\/maisonschroeder.lu\\\/de\\\/\",\"logo\":{\"@type\":\"ImageObject\",\"inLanguage\":\"de\",\"@id\":\"https:\\\/\\\/maisonschroeder.lu\\\/de\\\/#\\\/schema\\\/logo\\\/image\\\/\",\"url\":\"https:\\\/\\\/maisonschroeder.lu\\\/wp-content\\\/uploads\\\/2025\\\/06\\\/logo.png\",\"contentUrl\":\"https:\\\/\\\/maisonschroeder.lu\\\/wp-content\\\/uploads\\\/2025\\\/06\\\/logo.png\",\"width\":1268,\"height\":400,\"caption\":\"Maison Schroeder | Mazout | Pellets | Leudelange\"},\"image\":{\"@id\":\"https:\\\/\\\/maisonschroeder.lu\\\/de\\\/#\\\/schema\\\/logo\\\/image\\\/\"}}]}<\/script>\n<!-- \/ Yoast SEO plugin. -->","yoast_head_json":{"title":"Pellets - Maison Schroeder | Mazout | Pellets | Leudelange","robots":{"index":"index","follow":"follow","max-snippet":"max-snippet:-1","max-image-preview":"max-image-preview:large","max-video-preview":"max-video-preview:-1"},"canonical":"https:\/\/maisonschroeder.lu\/de\/unsere-dienstleistungen\/pellets\/","og_locale":"de_DE","og_type":"article","og_title":"Pellets - Maison Schroeder | Mazout | Pellets | Leudelange","og_description":"Pellets sind nicht gleich Pellets: Entscheiden Sie sich f\u00fcr zertifizierte Qualit\u00e4t, um die Leistung und Langlebigkeit Ihres Heizsystems zu gew\u00e4hrleisten. Firestixx sind Enplus- und DINplus-zertifizierte Pellets, hergestellt aus 100 % heimischem Nadelholz. W\u00e4hrend des gesamten Produktionsprozesses werden Werte wie Staubgehalt, Dichte, Feuchtigkeit oder Abrieb st\u00fcndlich gemessen und dokumentiert. Nur gepr\u00fcfte Produkte, die den strengen Qualit\u00e4tsstandards [&hellip;]","og_url":"https:\/\/maisonschroeder.lu\/de\/unsere-dienstleistungen\/pellets\/","og_site_name":"Maison Schroeder | Mazout | Pellets | Leudelange","article_modified_time":"2025-09-08T11:12:27+00:00","twitter_card":"summary_large_image","twitter_misc":{"Gesch\u00e4tzte Lesezeit":"1\u00a0Minute"},"schema":{"@context":"https:\/\/schema.org","@graph":[{"@type":"WebPage","@id":"https:\/\/maisonschroeder.lu\/de\/unsere-dienstleistungen\/pellets\/","url":"https:\/\/maisonschroeder.lu\/de\/unsere-dienstleistungen\/pellets\/","name":"Pellets - Maison Schroeder | Mazout | Pellets | Leudelange","isPartOf":{"@id":"https:\/\/maisonschroeder.lu\/de\/#website"},"datePublished":"2016-09-22T09:05:09+00:00","dateModified":"2025-09-08T11:12:27+00:00","breadcrumb":{"@id":"https:\/\/maisonschroeder.lu\/de\/unsere-dienstleistungen\/pellets\/#breadcrumb"},"inLanguage":"de","potentialAction":[{"@type":"ReadAction","target":["https:\/\/maisonschroeder.lu\/de\/unsere-dienstleistungen\/pellets\/"]}]},{"@type":"BreadcrumbList","@id":"https:\/\/maisonschroeder.lu\/de\/unsere-dienstleistungen\/pellets\/#breadcrumb","itemListElement":[{"@type":"ListItem","position":1,"name":"Startseite","item":"https:\/\/maisonschroeder.lu\/de\/"},{"@type":"ListItem","position":2,"name":"Unsere Dienstleistungen","item":"https:\/\/maisonschroeder.lu\/de\/unsere-dienstleistungen\/"},{"@type":"ListItem","position":3,"name":"Pellets"}]},{"@type":"WebSite","@id":"https:\/\/maisonschroeder.lu\/de\/#website","url":"https:\/\/maisonschroeder.lu\/de\/","name":"Maison Schroeder | Mazout | Pellets | Leudelange","description":"Maison Schroeder | Mazout - Pellets - Lubrifiants - ADBLUE - Veidec - Mat\u00e9riel industriel | Leudelange","publisher":{"@id":"https:\/\/maisonschroeder.lu\/de\/#organization"},"potentialAction":[{"@type":"SearchAction","target":{"@type":"EntryPoint","urlTemplate":"https:\/\/maisonschroeder.lu\/de\/?s={search_term_string}"},"query-input":{"@type":"PropertyValueSpecification","valueRequired":true,"valueName":"search_term_string"}}],"inLanguage":"de"},{"@type":"Organization","@id":"https:\/\/maisonschroeder.lu\/de\/#organization","name":"Maison Schroeder | Mazout | Pellets | Leudelange","url":"https:\/\/maisonschroeder.lu\/de\/","logo":{"@type":"ImageObject","inLanguage":"de","@id":"https:\/\/maisonschroeder.lu\/de\/#\/schema\/logo\/image\/","url":"https:\/\/maisonschroeder.lu\/wp-content\/uploads\/2025\/06\/logo.png","contentUrl":"https:\/\/maisonschroeder.lu\/wp-content\/uploads\/2025\/06\/logo.png","width":1268,"height":400,"caption":"Maison Schroeder | Mazout | Pellets | Leudelange"},"image":{"@id":"https:\/\/maisonschroeder.lu\/de\/#\/schema\/logo\/image\/"}}]}},"_links":{"self":[{"href":"https:\/\/maisonschroeder.lu\/de\/wp-json\/wp\/v2\/pages\/8539","targetHints":{"allow":["GET"]}}],"collection":[{"href":"https:\/\/maisonschroeder.lu\/de\/wp-json\/wp\/v2\/pages"}],"about":[{"href":"https:\/\/maisonschroeder.lu\/de\/wp-json\/wp\/v2\/types\/page"}],"author":[{"embeddable":true,"href":"https:\/\/maisonschroeder.lu\/de\/wp-json\/wp\/v2\/users\/1"}],"replies":[{"embeddable":true,"href":"https:\/\/maisonschroeder.lu\/de\/wp-json\/wp\/v2\/comments?post=8539"}],"version-history":[{"count":3,"href":"https:\/\/maisonschroeder.lu\/de\/wp-json\/wp\/v2\/pages\/8539\/revisions"}],"predecessor-version":[{"id":8722,"href":"https:\/\/maisonschroeder.lu\/de\/wp-json\/wp\/v2\/pages\/8539\/revisions\/8722"}],"up":[{"embeddable":true,"href":"https:\/\/maisonschroeder.lu\/de\/wp-json\/wp\/v2\/pages\/8528"}],"wp:attachment":[{"href":"https:\/\/maisonschroeder.lu\/de\/wp-json\/wp\/v2\/media?parent=8539"}],"curies":[{"name":"wp","href":"https:\/\/api.w.org\/{rel}","templated":true}]}}