{"id":8549,"date":"2021-10-14T07:51:47","date_gmt":"2021-10-14T05:51:47","guid":{"rendered":"https:\/\/ms.markeasy.lu\/impressum\/"},"modified":"2025-09-04T11:46:46","modified_gmt":"2025-09-04T09:46:46","slug":"impressum","status":"publish","type":"page","link":"https:\/\/maisonschroeder.lu\/de\/impressum\/","title":{"rendered":"Impressum"},"content":{"rendered":"\t\t<div data-elementor-type=\"wp-page\" data-elementor-id=\"8549\" class=\"elementor elementor-8549 elementor-2193\" data-elementor-post-type=\"page\">\n\t\t\t\t\t\t<section class=\"elementor-section elementor-top-section elementor-element elementor-element-e1178bc elementor-section-stretched titre_page elementor-section-boxed elementor-section-height-default elementor-section-height-default\" data-id=\"e1178bc\" data-element_type=\"section\" data-e-type=\"section\" data-settings=\"{&quot;background_background&quot;:&quot;classic&quot;,&quot;stretch_section&quot;:&quot;section-stretched&quot;}\">\n\t\t\t\t\t\t<div class=\"elementor-container elementor-column-gap-custom\">\n\t\t\t\t\t<div class=\"elementor-column elementor-col-100 elementor-top-column elementor-element elementor-element-08f9397\" data-id=\"08f9397\" data-element_type=\"column\" data-e-type=\"column\">\n\t\t\t<div class=\"elementor-widget-wrap elementor-element-populated\">\n\t\t\t\t\t\t\t<\/div>\n\t\t<\/div>\n\t\t\t\t\t<\/div>\n\t\t<\/section>\n\t\t\t\t<section class=\"elementor-section elementor-top-section elementor-element elementor-element-cb81543 elementor-section-stretched elementor-section-boxed elementor-section-height-default elementor-section-height-default\" data-id=\"cb81543\" data-element_type=\"section\" data-e-type=\"section\" data-settings=\"{&quot;stretch_section&quot;:&quot;section-stretched&quot;}\">\n\t\t\t\t\t\t<div class=\"elementor-container elementor-column-gap-default\">\n\t\t\t\t\t<div class=\"elementor-column elementor-col-100 elementor-top-column elementor-element elementor-element-6825f7f\" data-id=\"6825f7f\" data-element_type=\"column\" data-e-type=\"column\">\n\t\t\t<div class=\"elementor-widget-wrap elementor-element-populated\">\n\t\t\t\t\t\t<div class=\"elementor-element elementor-element-fbfdb0d elementor-widget elementor-widget-spacer\" data-id=\"fbfdb0d\" data-element_type=\"widget\" data-e-type=\"widget\" data-widget_type=\"spacer.default\">\n\t\t\t\t\t\t\t<div class=\"elementor-spacer\">\n\t\t\t<div class=\"elementor-spacer-inner\"><\/div>\n\t\t<\/div>\n\t\t\t\t\t\t<\/div>\n\t\t\t\t<div class=\"elementor-element elementor-element-9a028c3 elementor-widget elementor-widget-heading\" data-id=\"9a028c3\" data-element_type=\"widget\" data-e-type=\"widget\" data-widget_type=\"heading.default\">\n\t\t\t\t\t<h2 class=\"elementor-heading-title elementor-size-default\">Impressum und Hosting<\/h2>\t\t\t\t<\/div>\n\t\t\t\t<div class=\"elementor-element elementor-element-95eeea5 elementor-widget elementor-widget-text-editor\" data-id=\"95eeea5\" data-element_type=\"widget\" data-e-type=\"widget\" data-widget_type=\"text-editor.default\">\n\t\t\t\t\t\t\t\t\t<p align=\"JUSTIFY\"><span lang=\"fr-FR\">Sie sind derzeit mit der Website <strong>maisonschroeder.lu<\/strong> verbunden, die herausgegeben wird von <\/span><span lang=\"fr-FR\"><strong>Maison E. Schroeder<\/strong>, eingetragen im Handels- und Gesellschaftsregister<\/span> <span lang=\"fr-FR\">mit Sitz in <strong>9, rue Nicolas Brosius Z.A. Am Bann L-3372 Leudelange (Luxemburg)<\/strong>.<\/span><\/p><p align=\"JUSTIFY\"><span lang=\"fr-FR\">Herausgeber: <strong>Maison E. Schroeder<\/strong><br><\/span><\/p><p align=\"JUSTIFY\"><span lang=\"fr-FR\">Redaktion: <strong>Maison E. Schroeder<\/strong><br><\/span><\/p><p align=\"JUSTIFY\"><span lang=\"fr-FR\">Konzeption &amp; Hosting: <a href=\"https:\/\/www.markeasy.lu\" target=\"_blank\" rel=\"noopener\"><strong>Markeasy Communication<\/strong><\/a><br><\/span><\/p>\t\t\t\t\t\t\t\t<\/div>\n\t\t\t\t<div class=\"elementor-element elementor-element-cd17230 elementor-widget elementor-widget-heading\" data-id=\"cd17230\" data-element_type=\"widget\" data-e-type=\"widget\" data-widget_type=\"heading.default\">\n\t\t\t\t\t<h2 class=\"elementor-heading-title elementor-size-default\">Geistiges Eigentum<\/h2>\t\t\t\t<\/div>\n\t\t\t\t<div class=\"elementor-element elementor-element-2c7eeda elementor-widget elementor-widget-text-editor\" data-id=\"2c7eeda\" data-element_type=\"widget\" data-e-type=\"widget\" data-widget_type=\"text-editor.default\">\n\t\t\t\t\t\t\t\t\t<p align=\"JUSTIFY\"><span lang=\"fr-FR\"><strong>Maison E. Schroeder<\/strong> besitzt die Rechte am geistigen Eigentum oder die Nutzungsrechte an allen auf der Website zug\u00e4nglichen Elementen, insbesondere Texten, Bildern, Grafiken, Icons, Sounds, Software.<\/span><\/p><p align=\"JUSTIFY\"><span lang=\"fr-FR\">Bildnachweise f\u00fcr die auf der Website verwendeten Visuals: <strong>maisonschroeder.lu<\/strong>, <\/span><span lang=\"fr-FR\">F\u00fcgen Sie den verwendeten Bildnachweis hinzu.<br><\/span><\/p><p align=\"JUSTIFY\"><span lang=\"fr-FR\">Jede vollst\u00e4ndige oder teilweise Vervielf\u00e4ltigung ist strengstens untersagt und stellt eine F\u00e4lschung dar, die gem\u00e4\u00df Artikel 82 ff. des Gesetzes vom 18. April 2001 \u00fcber Urheberrechte, verwandte Schutzrechte und Datenbanken geahndet wird.<\/span><\/p>\t\t\t\t\t\t\t\t<\/div>\n\t\t\t\t<div class=\"elementor-element elementor-element-e293a84 elementor-widget elementor-widget-heading\" data-id=\"e293a84\" data-element_type=\"widget\" data-e-type=\"widget\" data-widget_type=\"heading.default\">\n\t\t\t\t\t<h2 class=\"elementor-heading-title elementor-size-default\">Inhalt der Website und Vervielf\u00e4ltigungsrechte<\/h2>\t\t\t\t<\/div>\n\t\t\t\t<div class=\"elementor-element elementor-element-a13924e elementor-widget elementor-widget-text-editor\" data-id=\"a13924e\" data-element_type=\"widget\" data-e-type=\"widget\" data-widget_type=\"text-editor.default\">\n\t\t\t\t\t\t\t\t\t<p align=\"JUSTIFY\"><span lang=\"fr-FR\"><strong>Maison E. Schroeder<\/strong> besitzt die Rechte am geistigen Eigentum oder die Nutzungsrechte an allen auf der Website zug\u00e4nglichen Elementen, insbesondere Texten, Bildern, Grafiken, Icons, Sounds, Software..<\/span><\/p><p align=\"JUSTIFY\"><span lang=\"fr-FR\">Bildnachweise f\u00fcr die auf der Website verwendeten Visuals: <strong>maisonschroeder.lu<\/strong>, <\/span><span lang=\"fr-FR\">F\u00fcgen Sie den von Ihnen verwendeten Bildnachweis hinzu<\/span><\/p><p align=\"JUSTIFY\"><span lang=\"fr-FR\">Jede vollst\u00e4ndige oder teilweise Vervielf\u00e4ltigung ist strengstens untersagt und stellt eine F\u00e4lschung dar, die gem\u00e4\u00df Artikel 82 ff. des Gesetzes vom 18. April 2001 \u00fcber Urheberrechte, verwandte Schutzrechte und Datenbanken geahndet wird.<\/span><\/p>\t\t\t\t\t\t\t\t<\/div>\n\t\t\t\t<div class=\"elementor-element elementor-element-ed9b6d8 elementor-widget elementor-widget-heading\" data-id=\"ed9b6d8\" data-element_type=\"widget\" data-e-type=\"widget\" data-widget_type=\"heading.default\">\n\t\t\t\t\t<h2 class=\"elementor-heading-title elementor-size-default\">Hyperlinks und Cookies<\/h2>\t\t\t\t<\/div>\n\t\t\t\t<div class=\"elementor-element elementor-element-2663a0d elementor-widget elementor-widget-text-editor\" data-id=\"2663a0d\" data-element_type=\"widget\" data-e-type=\"widget\" data-widget_type=\"text-editor.default\">\n\t\t\t\t\t\t\t\t\t<p align=\"JUSTIFY\"><span lang=\"fr-FR\">Das Einf\u00fcgen von Hyperlinks zu irgendeinem Teil der Website <strong>maisonschroeder.lu<\/strong> ist untersagt, es sei denn, der Herausgeber hat dies zuvor schriftlich genehmigt.<\/span><\/p><p align=\"JUSTIFY\"><span lang=\"fr-FR\">Hyperlinks auf <strong>maisonschroeder.lu<\/strong> k\u00f6nnen auf andere Websites oder Internetquellen verweisen. Da <strong>maisonschroeder.lu<\/strong> diese externen Websites und Quellen nicht kontrollieren kann, kann sie nicht f\u00fcr die Bereitstellung dieser externen Websites und Quellen verantwortlich gemacht werden und \u00fcbernimmt keine Verantwortung f\u00fcr Inhalte, Werbung, Produkte, Dienstleistungen oder sonstiges Material, das auf oder von diesen externen Websites oder Quellen verf\u00fcgbar ist. <\/span><\/p><p align=\"JUSTIFY\"><span lang=\"fr-FR\">Dar\u00fcber hinaus kann <strong>Maison E. Schroeder<\/strong> nicht f\u00fcr tats\u00e4chliche oder angebliche Sch\u00e4den haftbar gemacht werden, die sich aus oder im Zusammenhang mit der Nutzung der Inhalte, Waren oder Dienstleistungen ergeben, die auf diesen externen Websites oder Quellen verf\u00fcgbar sind. Schlie\u00dflich kann <strong>Maison E. Schroeder<\/strong> im gesetzlich zul\u00e4ssigen Rahmen nicht haftbar gemacht werden, falls der Inhalt dieser Websites gegen geltende gesetzliche und beh\u00f6rdliche Bestimmungen verst\u00f6\u00dft. <\/span><\/p><p align=\"JUSTIFY\"><span lang=\"fr-FR\">Dar\u00fcber hinaus kann das Surfen auf <strong>maisonschroeder.lu<\/strong> die Installation von <\/span><span lang=\"fr-FR\">Cookie(s)<\/span> verursachen.<span lang=\"fr-FR\"> auf dem Computer des Benutzers. Ein Cookie ist eine kleine Datei, die keine Identifizierung des Benutzers erm\u00f6glicht, aber Informationen \u00fcber die Navigation eines Computers auf einer Website speichert. Die so gewonnenen Daten sollen die sp\u00e4tere Navigation auf der Website <strong>maisonschroeder.lu<\/strong> erleichtern und dienen auch dazu, verschiedene Besucherstatistiken zu erm\u00f6glichen.  <\/span><\/p><p align=\"JUSTIFY\"><span lang=\"fr-FR\">Die Ablehnung der Installation eines Cookies kann dazu f\u00fchren, dass der Zugriff auf bestimmte Dienste nicht m\u00f6glich ist. Der Benutzer kann seinen Computer jedoch wie folgt konfigurieren, um die Installation von Cookies abzulehnen: <\/span><\/p><ul><li><p align=\"JUSTIFY\"><span lang=\"fr-FR\">Unter Internet Explorer: Registerkarte Extras \/ Internetoptionen. Klicken Sie auf Datenschutz und w\u00e4hlen Sie Alle Cookies blockieren.  <\/span>Best\u00e4tigen Sie mit OK.<\/p><\/li><li><p align=\"JUSTIFY\"><span lang=\"fr-FR\">Unter Firefox: Fenster Einstellungen, Registerkarte Datenschutz: W\u00e4hlen Sie unter \u201eRegeln zur Speicherung des Verlaufs: Verlauf niemals speichern\u201c<\/span><\/p><\/li><li><p align=\"JUSTIFY\"><span lang=\"fr-FR\">Unter Safari: Fenster Einstellungen, Registerkarte Sicherheit. Aktivieren Sie das Kontrollk\u00e4stchen \u201eCookies akzeptieren: Nie\u201c <\/span><\/p><\/li><\/ul>\t\t\t\t\t\t\t\t<\/div>\n\t\t\t\t<div class=\"elementor-element elementor-element-87b637e elementor-widget elementor-widget-heading\" data-id=\"87b637e\" data-element_type=\"widget\" data-e-type=\"widget\" data-widget_type=\"heading.default\">\n\t\t\t\t\t<h2 class=\"elementor-heading-title elementor-size-default\">Hyperlinks und Cookies<\/h2>\t\t\t\t<\/div>\n\t\t\t\t<div class=\"elementor-element elementor-element-bf6648b elementor-widget elementor-widget-text-editor\" data-id=\"bf6648b\" data-element_type=\"widget\" data-e-type=\"widget\" data-widget_type=\"text-editor.default\">\n\t\t\t\t\t\t\t\t\t<p align=\"JUSTIFY\"><span lang=\"fr-FR\">Es wird darauf hingewiesen, dass das Briefgeheimnis im Internet nicht garantiert werden kann und dass es jedem Benutzer obliegt, alle geeigneten Vorsichtsma\u00dfnahmen zu treffen, um seine eigenen Daten und\/oder Software vor der Kontamination durch m\u00f6gliche im Internet zirkulierende Viren zu sch\u00fctzen. Der Benutzer der Website best\u00e4tigt, \u00fcber die erforderlichen Kenntnisse und Mittel zu verf\u00fcgen, um auf diese Website zuzugreifen und sie zu nutzen. <\/span><\/p><p align=\"JUSTIFY\"><span lang=\"fr-FR\">Der Zugriff auf die Website <strong>maisonschroeder.lu<\/strong> und deren Nutzung erfordern die folgende Mindestkonfiguration:<\/span><\/p><ul><li><p align=\"JUSTIFY\"><span lang=\"fr-FR\">PC \u2013 ADSL-Verbindung 128 \u2013 128 MB RAM \u2013 Intel\u00ae Pentium\u00ae II Prozessor mit 450 MHz, AMD Athlon\u2122 mit 600 MHz oder schneller (oder gleichwertig)<\/span><\/p><\/li><li><p align=\"JUSTIFY\"><span lang=\"fr-FR\">Mac \u2013 ADSL-Verbindung 128 \u2013 128 MB RAM \u2013 Power PC\u00ae G3 Prozessor mit 500 MHz oder schneller \/ Intel Core\u2122 Duo Prozessor mit 1,33 GHz oder schneller<\/span><\/p><\/li><li><p align=\"JUSTIFY\"><span lang=\"fr-FR\">Linux \u2013 ADSL-Verbindung 128 \u2013 512 MB RAM \u2013 Moderner Prozessor (mit 800 MHz oder schneller)<\/span><\/p><\/li><\/ul><p align=\"JUSTIFY\"><span lang=\"fr-FR\">Dar\u00fcber hinaus best\u00e4tigt der Benutzer vor jeder Nutzung der Website <strong>maisonschroeder.lu<\/strong>, sich vergewissert zu haben, dass der verwendete Browser einen sicheren Zugriff auf die Website erm\u00f6glicht.<\/span><\/p><p align=\"JUSTIFY\"><span lang=\"fr-FR\">Die Website <strong>maisonschroeder.lu<\/strong> ist 24 Stunden am Tag, 7 Tage die Woche zug\u00e4nglich, mit Ausnahme von F\u00e4llen h\u00f6herer Gewalt, technischen und\/oder IT-Schwierigkeiten.<\/span><\/p>\t\t\t\t\t\t\t\t<\/div>\n\t\t\t\t<div class=\"elementor-element elementor-element-2485732 elementor-widget elementor-widget-heading\" data-id=\"2485732\" data-element_type=\"widget\" data-e-type=\"widget\" data-widget_type=\"heading.default\">\n\t\t\t\t\t<h2 class=\"elementor-heading-title elementor-size-default\">Haftungsbeschr\u00e4nkungen<\/h2>\t\t\t\t<\/div>\n\t\t\t\t<div class=\"elementor-element elementor-element-1aa24e2 elementor-widget elementor-widget-text-editor\" data-id=\"1aa24e2\" data-element_type=\"widget\" data-e-type=\"widget\" data-widget_type=\"text-editor.default\">\n\t\t\t\t\t\t\t\t\t<p><span lang=\"fr-FR\"><strong>Maison E. Schroeder<\/strong> kann nicht f\u00fcr direkte und indirekte Sch\u00e4den haftbar gemacht werden, die am Material des Benutzers beim Zugriff auf <strong>maisonschroeder.lu<\/strong> entstehen, und die entweder aus der Verwendung von Material resultieren, das nicht den in den technischen Informationen angegebenen Spezifikationen entspricht, oder aus dem Auftreten eines Bugs oder einer Inkompatibilit\u00e4t.<\/span><\/p>\t\t\t\t\t\t\t\t<\/div>\n\t\t\t\t\t<\/div>\n\t\t<\/div>\n\t\t\t\t\t<\/div>\n\t\t<\/section>\n\t\t\t\t<\/div>\n\t\t","protected":false},"excerpt":{"rendered":"<p>Impressum und Hosting Sie sind derzeit mit der Website maisonschroeder.lu verbunden, die herausgegeben wird von Maison E. Schroeder, eingetragen im Handels- und Gesellschaftsregister mit Sitz in 9, rue Nicolas Brosius Z.A. Am Bann L-3372 Leudelange (Luxemburg). Herausgeber: Maison E. Schroeder Redaktion: Maison E. Schroeder Konzeption &amp; Hosting: Markeasy Communication Geistiges Eigentum Maison E. Schroeder besitzt [&hellip;]<\/p>\n","protected":false},"author":1,"featured_media":0,"parent":0,"menu_order":7,"comment_status":"closed","ping_status":"closed","template":"","meta":{"ocean_post_layout":"","ocean_both_sidebars_style":"","ocean_both_sidebars_content_width":0,"ocean_both_sidebars_sidebars_width":0,"ocean_sidebar":"0","ocean_second_sidebar":"0","ocean_disable_margins":"enable","ocean_add_body_class":"","ocean_shortcode_before_top_bar":"","ocean_shortcode_after_top_bar":"","ocean_shortcode_before_header":"","ocean_shortcode_after_header":"","ocean_has_shortcode":"","ocean_shortcode_after_title":"","ocean_shortcode_before_footer_widgets":"","ocean_shortcode_after_footer_widgets":"","ocean_shortcode_before_footer_bottom":"","ocean_shortcode_after_footer_bottom":"","ocean_display_top_bar":"default","ocean_display_header":"default","ocean_header_style":"","ocean_center_header_left_menu":"0","ocean_custom_header_template":"0","ocean_custom_logo":0,"ocean_custom_retina_logo":0,"ocean_custom_logo_max_width":0,"ocean_custom_logo_tablet_max_width":0,"ocean_custom_logo_mobile_max_width":0,"ocean_custom_logo_max_height":0,"ocean_custom_logo_tablet_max_height":0,"ocean_custom_logo_mobile_max_height":0,"ocean_header_custom_menu":"0","ocean_menu_typo_font_family":"0","ocean_menu_typo_font_subset":"","ocean_menu_typo_font_size":0,"ocean_menu_typo_font_size_tablet":0,"ocean_menu_typo_font_size_mobile":0,"ocean_menu_typo_font_size_unit":"px","ocean_menu_typo_font_weight":"","ocean_menu_typo_font_weight_tablet":"","ocean_menu_typo_font_weight_mobile":"","ocean_menu_typo_transform":"","ocean_menu_typo_transform_tablet":"","ocean_menu_typo_transform_mobile":"","ocean_menu_typo_line_height":0,"ocean_menu_typo_line_height_tablet":0,"ocean_menu_typo_line_height_mobile":0,"ocean_menu_typo_line_height_unit":"","ocean_menu_typo_spacing":0,"ocean_menu_typo_spacing_tablet":0,"ocean_menu_typo_spacing_mobile":0,"ocean_menu_typo_spacing_unit":"","ocean_menu_link_color":"","ocean_menu_link_color_hover":"","ocean_menu_link_color_active":"","ocean_menu_link_background":"","ocean_menu_link_hover_background":"","ocean_menu_link_active_background":"","ocean_menu_social_links_bg":"","ocean_menu_social_hover_links_bg":"","ocean_menu_social_links_color":"","ocean_menu_social_hover_links_color":"","ocean_disable_title":"enable","ocean_disable_heading":"on","ocean_post_title":"","ocean_post_subheading":"","ocean_post_title_style":"","ocean_post_title_background_color":"","ocean_post_title_background":0,"ocean_post_title_bg_image_position":"","ocean_post_title_bg_image_attachment":"","ocean_post_title_bg_image_repeat":"","ocean_post_title_bg_image_size":"","ocean_post_title_height":0,"ocean_post_title_bg_overlay":0.5,"ocean_post_title_bg_overlay_color":"","ocean_disable_breadcrumbs":"off","ocean_breadcrumbs_color":"","ocean_breadcrumbs_separator_color":"","ocean_breadcrumbs_links_color":"","ocean_breadcrumbs_links_hover_color":"","ocean_display_footer_widgets":"default","ocean_display_footer_bottom":"default","ocean_custom_footer_template":"0","footnotes":""},"class_list":["post-8549","page","type-page","status-publish","hentry","entry"],"yoast_head":"<!-- This site is optimized with the Yoast SEO plugin v27.4 - https:\/\/yoast.com\/product\/yoast-seo-wordpress\/ -->\n<title>Impressum - Maison Schroeder | Mazout | Pellets | Leudelange<\/title>\n<meta name=\"robots\" content=\"index, follow, max-snippet:-1, max-image-preview:large, max-video-preview:-1\" \/>\n<link rel=\"canonical\" href=\"https:\/\/maisonschroeder.lu\/de\/impressum\/\" \/>\n<meta property=\"og:locale\" content=\"de_DE\" \/>\n<meta property=\"og:type\" content=\"article\" \/>\n<meta property=\"og:title\" content=\"Impressum - Maison Schroeder | Mazout | Pellets | Leudelange\" \/>\n<meta property=\"og:description\" content=\"Impressum und Hosting Sie sind derzeit mit der Website maisonschroeder.lu verbunden, die herausgegeben wird von Maison E. Schroeder, eingetragen im Handels- und Gesellschaftsregister mit Sitz in 9, rue Nicolas Brosius Z.A. Am Bann L-3372 Leudelange (Luxemburg). Herausgeber: Maison E. Schroeder Redaktion: Maison E. Schroeder Konzeption &amp; Hosting: Markeasy Communication Geistiges Eigentum Maison E. Schroeder besitzt [&hellip;]\" \/>\n<meta property=\"og:url\" content=\"https:\/\/maisonschroeder.lu\/de\/impressum\/\" \/>\n<meta property=\"og:site_name\" content=\"Maison Schroeder | Mazout | Pellets | Leudelange\" \/>\n<meta property=\"article:modified_time\" content=\"2025-09-04T09:46:46+00:00\" \/>\n<meta name=\"twitter:card\" content=\"summary_large_image\" \/>\n<meta name=\"twitter:label1\" content=\"Gesch\u00e4tzte Lesezeit\" \/>\n\t<meta name=\"twitter:data1\" content=\"4\u00a0Minute\" \/>\n<script type=\"application\/ld+json\" class=\"yoast-schema-graph\">{\"@context\":\"https:\\\/\\\/schema.org\",\"@graph\":[{\"@type\":\"WebPage\",\"@id\":\"https:\\\/\\\/maisonschroeder.lu\\\/de\\\/impressum\\\/\",\"url\":\"https:\\\/\\\/maisonschroeder.lu\\\/de\\\/impressum\\\/\",\"name\":\"Impressum - Maison Schroeder | Mazout | Pellets | Leudelange\",\"isPartOf\":{\"@id\":\"https:\\\/\\\/maisonschroeder.lu\\\/de\\\/#website\"},\"datePublished\":\"2021-10-14T05:51:47+00:00\",\"dateModified\":\"2025-09-04T09:46:46+00:00\",\"breadcrumb\":{\"@id\":\"https:\\\/\\\/maisonschroeder.lu\\\/de\\\/impressum\\\/#breadcrumb\"},\"inLanguage\":\"de\",\"potentialAction\":[{\"@type\":\"ReadAction\",\"target\":[\"https:\\\/\\\/maisonschroeder.lu\\\/de\\\/impressum\\\/\"]}]},{\"@type\":\"BreadcrumbList\",\"@id\":\"https:\\\/\\\/maisonschroeder.lu\\\/de\\\/impressum\\\/#breadcrumb\",\"itemListElement\":[{\"@type\":\"ListItem\",\"position\":1,\"name\":\"Startseite\",\"item\":\"https:\\\/\\\/maisonschroeder.lu\\\/de\\\/\"},{\"@type\":\"ListItem\",\"position\":2,\"name\":\"Impressum\"}]},{\"@type\":\"WebSite\",\"@id\":\"https:\\\/\\\/maisonschroeder.lu\\\/de\\\/#website\",\"url\":\"https:\\\/\\\/maisonschroeder.lu\\\/de\\\/\",\"name\":\"Maison Schroeder | Mazout | Pellets | Leudelange\",\"description\":\"Maison Schroeder | Mazout - Pellets - Lubrifiants - ADBLUE - Veidec - Mat\u00e9riel industriel | Leudelange\",\"publisher\":{\"@id\":\"https:\\\/\\\/maisonschroeder.lu\\\/de\\\/#organization\"},\"potentialAction\":[{\"@type\":\"SearchAction\",\"target\":{\"@type\":\"EntryPoint\",\"urlTemplate\":\"https:\\\/\\\/maisonschroeder.lu\\\/de\\\/?s={search_term_string}\"},\"query-input\":{\"@type\":\"PropertyValueSpecification\",\"valueRequired\":true,\"valueName\":\"search_term_string\"}}],\"inLanguage\":\"de\"},{\"@type\":\"Organization\",\"@id\":\"https:\\\/\\\/maisonschroeder.lu\\\/de\\\/#organization\",\"name\":\"Maison Schroeder | Mazout | Pellets | Leudelange\",\"url\":\"https:\\\/\\\/maisonschroeder.lu\\\/de\\\/\",\"logo\":{\"@type\":\"ImageObject\",\"inLanguage\":\"de\",\"@id\":\"https:\\\/\\\/maisonschroeder.lu\\\/de\\\/#\\\/schema\\\/logo\\\/image\\\/\",\"url\":\"https:\\\/\\\/maisonschroeder.lu\\\/wp-content\\\/uploads\\\/2025\\\/06\\\/logo.png\",\"contentUrl\":\"https:\\\/\\\/maisonschroeder.lu\\\/wp-content\\\/uploads\\\/2025\\\/06\\\/logo.png\",\"width\":1268,\"height\":400,\"caption\":\"Maison Schroeder | Mazout | Pellets | Leudelange\"},\"image\":{\"@id\":\"https:\\\/\\\/maisonschroeder.lu\\\/de\\\/#\\\/schema\\\/logo\\\/image\\\/\"}}]}<\/script>\n<!-- \/ Yoast SEO plugin. -->","yoast_head_json":{"title":"Impressum - Maison Schroeder | Mazout | Pellets | Leudelange","robots":{"index":"index","follow":"follow","max-snippet":"max-snippet:-1","max-image-preview":"max-image-preview:large","max-video-preview":"max-video-preview:-1"},"canonical":"https:\/\/maisonschroeder.lu\/de\/impressum\/","og_locale":"de_DE","og_type":"article","og_title":"Impressum - Maison Schroeder | Mazout | Pellets | Leudelange","og_description":"Impressum und Hosting Sie sind derzeit mit der Website maisonschroeder.lu verbunden, die herausgegeben wird von Maison E. Schroeder, eingetragen im Handels- und Gesellschaftsregister mit Sitz in 9, rue Nicolas Brosius Z.A. Am Bann L-3372 Leudelange (Luxemburg). Herausgeber: Maison E. Schroeder Redaktion: Maison E. Schroeder Konzeption &amp; Hosting: Markeasy Communication Geistiges Eigentum Maison E. Schroeder besitzt [&hellip;]","og_url":"https:\/\/maisonschroeder.lu\/de\/impressum\/","og_site_name":"Maison Schroeder | Mazout | Pellets | Leudelange","article_modified_time":"2025-09-04T09:46:46+00:00","twitter_card":"summary_large_image","twitter_misc":{"Gesch\u00e4tzte Lesezeit":"4\u00a0Minute"},"schema":{"@context":"https:\/\/schema.org","@graph":[{"@type":"WebPage","@id":"https:\/\/maisonschroeder.lu\/de\/impressum\/","url":"https:\/\/maisonschroeder.lu\/de\/impressum\/","name":"Impressum - Maison Schroeder | Mazout | Pellets | Leudelange","isPartOf":{"@id":"https:\/\/maisonschroeder.lu\/de\/#website"},"datePublished":"2021-10-14T05:51:47+00:00","dateModified":"2025-09-04T09:46:46+00:00","breadcrumb":{"@id":"https:\/\/maisonschroeder.lu\/de\/impressum\/#breadcrumb"},"inLanguage":"de","potentialAction":[{"@type":"ReadAction","target":["https:\/\/maisonschroeder.lu\/de\/impressum\/"]}]},{"@type":"BreadcrumbList","@id":"https:\/\/maisonschroeder.lu\/de\/impressum\/#breadcrumb","itemListElement":[{"@type":"ListItem","position":1,"name":"Startseite","item":"https:\/\/maisonschroeder.lu\/de\/"},{"@type":"ListItem","position":2,"name":"Impressum"}]},{"@type":"WebSite","@id":"https:\/\/maisonschroeder.lu\/de\/#website","url":"https:\/\/maisonschroeder.lu\/de\/","name":"Maison Schroeder | Mazout | Pellets | Leudelange","description":"Maison Schroeder | Mazout - Pellets - Lubrifiants - ADBLUE - Veidec - Mat\u00e9riel industriel | Leudelange","publisher":{"@id":"https:\/\/maisonschroeder.lu\/de\/#organization"},"potentialAction":[{"@type":"SearchAction","target":{"@type":"EntryPoint","urlTemplate":"https:\/\/maisonschroeder.lu\/de\/?s={search_term_string}"},"query-input":{"@type":"PropertyValueSpecification","valueRequired":true,"valueName":"search_term_string"}}],"inLanguage":"de"},{"@type":"Organization","@id":"https:\/\/maisonschroeder.lu\/de\/#organization","name":"Maison Schroeder | Mazout | Pellets | Leudelange","url":"https:\/\/maisonschroeder.lu\/de\/","logo":{"@type":"ImageObject","inLanguage":"de","@id":"https:\/\/maisonschroeder.lu\/de\/#\/schema\/logo\/image\/","url":"https:\/\/maisonschroeder.lu\/wp-content\/uploads\/2025\/06\/logo.png","contentUrl":"https:\/\/maisonschroeder.lu\/wp-content\/uploads\/2025\/06\/logo.png","width":1268,"height":400,"caption":"Maison Schroeder | Mazout | Pellets | Leudelange"},"image":{"@id":"https:\/\/maisonschroeder.lu\/de\/#\/schema\/logo\/image\/"}}]}},"_links":{"self":[{"href":"https:\/\/maisonschroeder.lu\/de\/wp-json\/wp\/v2\/pages\/8549","targetHints":{"allow":["GET"]}}],"collection":[{"href":"https:\/\/maisonschroeder.lu\/de\/wp-json\/wp\/v2\/pages"}],"about":[{"href":"https:\/\/maisonschroeder.lu\/de\/wp-json\/wp\/v2\/types\/page"}],"author":[{"embeddable":true,"href":"https:\/\/maisonschroeder.lu\/de\/wp-json\/wp\/v2\/users\/1"}],"replies":[{"embeddable":true,"href":"https:\/\/maisonschroeder.lu\/de\/wp-json\/wp\/v2\/comments?post=8549"}],"version-history":[{"count":1,"href":"https:\/\/maisonschroeder.lu\/de\/wp-json\/wp\/v2\/pages\/8549\/revisions"}],"predecessor-version":[{"id":8550,"href":"https:\/\/maisonschroeder.lu\/de\/wp-json\/wp\/v2\/pages\/8549\/revisions\/8550"}],"wp:attachment":[{"href":"https:\/\/maisonschroeder.lu\/de\/wp-json\/wp\/v2\/media?parent=8549"}],"curies":[{"name":"wp","href":"https:\/\/api.w.org\/{rel}","templated":true}]}}