{"id":8445,"date":"2025-06-19T09:24:34","date_gmt":"2025-06-19T07:24:34","guid":{"rendered":"https:\/\/ms.markeasy.lu\/cartoes-shell\/"},"modified":"2025-09-08T13:13:11","modified_gmt":"2025-09-08T11:13:11","slug":"cartoes-shell","status":"publish","type":"page","link":"https:\/\/maisonschroeder.lu\/pt-pt\/cartoes-shell\/","title":{"rendered":"Carta Shell"},"content":{"rendered":"\t\t<div data-elementor-type=\"wp-page\" data-elementor-id=\"8445\" class=\"elementor elementor-8445 elementor-4960\" data-elementor-post-type=\"page\">\n\t\t\t\t<div class=\"elementor-element elementor-element-e10e349 e-con-full e-flex e-con e-parent\" data-id=\"e10e349\" data-element_type=\"container\" data-e-type=\"container\">\n\t\t\t\t<div class=\"elementor-element elementor-element-57bf08c elementor-widget elementor-widget-shortcode\" data-id=\"57bf08c\" data-element_type=\"widget\" data-e-type=\"widget\" data-widget_type=\"shortcode.default\">\n\t\t\t\t\t\t\t<div class=\"elementor-shortcode\">\t\t<div data-elementor-type=\"wp-post\" data-elementor-id=\"6072\" class=\"elementor elementor-6072\" data-elementor-post-type=\"oceanwp_library\">\n\t\t\t\t<div class=\"elementor-element elementor-element-0223e40 e-con-full e-flex e-con e-parent\" data-id=\"0223e40\" data-element_type=\"container\" data-e-type=\"container\" data-settings=\"{&quot;background_background&quot;:&quot;classic&quot;}\">\n\t\t<div class=\"elementor-element elementor-element-10d0b0c flyer_p1 e-flex e-con-boxed e-con e-child\" data-id=\"10d0b0c\" data-element_type=\"container\" data-e-type=\"container\" data-settings=\"{&quot;background_background&quot;:&quot;classic&quot;}\">\n\t\t\t\t\t<div class=\"e-con-inner\">\n\t\t\t\t<div class=\"elementor-element elementor-element-0d8a49f elementor-widget elementor-widget-image\" data-id=\"0d8a49f\" data-element_type=\"widget\" data-e-type=\"widget\" data-widget_type=\"image.default\">\n\t\t\t\t\t\t\t\t\t\t\t\t\t\t\t<img fetchpriority=\"high\" decoding=\"async\" width=\"864\" height=\"862\" src=\"https:\/\/maisonschroeder.lu\/wp-content\/uploads\/2025\/06\/macaron.png\" class=\"attachment-large size-large wp-image-5390\" alt=\"\" srcset=\"https:\/\/maisonschroeder.lu\/wp-content\/uploads\/2025\/06\/macaron.png 864w, https:\/\/maisonschroeder.lu\/wp-content\/uploads\/2025\/06\/macaron-300x300.png 300w, https:\/\/maisonschroeder.lu\/wp-content\/uploads\/2025\/06\/macaron-150x150.png 150w, https:\/\/maisonschroeder.lu\/wp-content\/uploads\/2025\/06\/macaron-768x766.png 768w, https:\/\/maisonschroeder.lu\/wp-content\/uploads\/2025\/06\/macaron-600x600.png 600w\" sizes=\"(max-width: 864px) 100vw, 864px\" \/>\t\t\t\t\t\t\t\t\t\t\t\t\t\t\t<\/div>\n\t\t\t\t<div class=\"elementor-element elementor-element-daf29e6 elementor-position-left elementor-vertical-align-middle texte_carte elementor-widget elementor-widget-image-box\" data-id=\"daf29e6\" data-element_type=\"widget\" data-e-type=\"widget\" data-widget_type=\"image-box.default\">\n\t\t\t\t\t<div class=\"elementor-image-box-wrapper\"><figure class=\"elementor-image-box-img\"><img decoding=\"async\" width=\"404\" height=\"254\" src=\"https:\/\/maisonschroeder.lu\/wp-content\/uploads\/2025\/06\/carte_schroeder.png\" class=\"attachment-full size-full wp-image-5383\" alt=\"\" srcset=\"https:\/\/maisonschroeder.lu\/wp-content\/uploads\/2025\/06\/carte_schroeder.png 404w, https:\/\/maisonschroeder.lu\/wp-content\/uploads\/2025\/06\/carte_schroeder-300x189.png 300w\" sizes=\"(max-width: 404px) 100vw, 404px\" \/><\/figure><div class=\"elementor-image-box-content\"><h3 class=\"elementor-image-box-title\">Demandez votre  carte Shell avec la  Maison Schroeder !<\/h3><\/div><\/div>\t\t\t\t<\/div>\n\t\t\t\t<div class=\"elementor-element elementor-element-c7bbdd1 elementor-widget elementor-widget-text-editor\" data-id=\"c7bbdd1\" data-element_type=\"widget\" data-e-type=\"widget\" data-widget_type=\"text-editor.default\">\n\t\t\t\t\t\t\t\t\t<p>Pour commander votre carte Shell, il vous suffit de remplir le formulaire accessible en flashant ce QR Code.<\/p>\t\t\t\t\t\t\t\t<\/div>\n\t\t\t\t<div class=\"elementor-element elementor-element-26ce565 elementor-widget elementor-widget-image\" data-id=\"26ce565\" data-element_type=\"widget\" data-e-type=\"widget\" data-widget_type=\"image.default\">\n\t\t\t\t\t\t\t\t\t\t\t\t\t\t\t<img decoding=\"async\" width=\"320\" height=\"320\" src=\"https:\/\/maisonschroeder.lu\/wp-content\/uploads\/2025\/06\/qr_code-form.png\" class=\"attachment-large size-large wp-image-5394\" alt=\"\" srcset=\"https:\/\/maisonschroeder.lu\/wp-content\/uploads\/2025\/06\/qr_code-form.png 320w, https:\/\/maisonschroeder.lu\/wp-content\/uploads\/2025\/06\/qr_code-form-300x300.png 300w, https:\/\/maisonschroeder.lu\/wp-content\/uploads\/2025\/06\/qr_code-form-150x150.png 150w\" sizes=\"(max-width: 320px) 100vw, 320px\" \/>\t\t\t\t\t\t\t\t\t\t\t\t\t\t\t<\/div>\n\t\t\t\t<div class=\"elementor-element elementor-element-f45d1d5 elementor-widget elementor-widget-text-editor\" data-id=\"f45d1d5\" data-element_type=\"widget\" data-e-type=\"widget\" data-widget_type=\"text-editor.default\">\n\t\t\t\t\t\t\t\t\t<p>Ou envoyez nous un email \u00e0<br \/><a href=\"mailto:fuelcard@maisonschroeder.lu\">fuelcard@maisonschroeder.lu<\/a><\/p>\t\t\t\t\t\t\t\t<\/div>\n\t\t\t\t\t<\/div>\n\t\t\t\t<\/div>\n\t\t<div class=\"elementor-element elementor-element-63da038 flyer_p2 e-flex e-con-boxed e-con e-child\" data-id=\"63da038\" data-element_type=\"container\" data-e-type=\"container\">\n\t\t\t\t\t<div class=\"e-con-inner\">\n\t\t\t\t<div class=\"elementor-element elementor-element-8b291ed elementor-widget elementor-widget-image\" data-id=\"8b291ed\" data-element_type=\"widget\" data-e-type=\"widget\" data-widget_type=\"image.default\">\n\t\t\t\t\t\t\t\t\t\t\t\t\t\t\t<img loading=\"lazy\" decoding=\"async\" width=\"900\" height=\"180\" src=\"https:\/\/maisonschroeder.lu\/wp-content\/uploads\/2025\/06\/logos.png\" class=\"attachment-large size-large wp-image-5310\" alt=\"\" srcset=\"https:\/\/maisonschroeder.lu\/wp-content\/uploads\/2025\/06\/logos.png 900w, https:\/\/maisonschroeder.lu\/wp-content\/uploads\/2025\/06\/logos-300x60.png 300w, https:\/\/maisonschroeder.lu\/wp-content\/uploads\/2025\/06\/logos-768x154.png 768w\" sizes=\"(max-width: 900px) 100vw, 900px\" \/>\t\t\t\t\t\t\t\t\t\t\t\t\t\t\t<\/div>\n\t\t\t\t<div class=\"elementor-element elementor-element-eaf705a elementor-widget elementor-widget-text-editor\" data-id=\"eaf705a\" data-element_type=\"widget\" data-e-type=\"widget\" data-widget_type=\"text-editor.default\">\n\t\t\t\t\t\t\t\t\t<p>Ch\u00e8re cliente, cher client,<\/p><p>en collaboration avec Shell, la Maison Schroeder vous propose dor\u00e9navant une carte de carburant vous permettant de vous ravitailler aupr\u00e8s des stations Shell au Luxembourg.<\/p>\t\t\t\t\t\t\t\t<\/div>\n\t\t\t\t<div class=\"elementor-element elementor-element-ce2fe60 texte_carte elementor-widget elementor-widget-text-editor\" data-id=\"ce2fe60\" data-element_type=\"widget\" data-e-type=\"widget\" data-widget_type=\"text-editor.default\">\n\t\t\t\t\t\t\t\t\t<p>Cette carte vous donne une r\u00e9duction de 3,50cts\/litre TTC sur le prix \u00e0 la pompe le jour du ravitaillement.<\/p>\t\t\t\t\t\t\t\t<\/div>\n\t\t\t\t<div class=\"elementor-element elementor-element-ac8f70b elementor-widget elementor-widget-text-editor\" data-id=\"ac8f70b\" data-element_type=\"widget\" data-e-type=\"widget\" data-widget_type=\"text-editor.default\">\n\t\t\t\t\t\t\t\t\t<p>En plus de cette r\u00e9duction, vous pouvez \u00e9galement b\u00e9n\u00e9ficier du programme de fid\u00e9lit\u00e9 Shell GO+, ce qui vous donne droit \u00e0 environ 1 centime le litre suppl\u00e9mentaire \u00e0 faire valoir sur les achats en shop.<\/p>\t\t\t\t\t\t\t\t<\/div>\n\t\t\t\t\t<\/div>\n\t\t\t\t<\/div>\n\t\t<div class=\"elementor-element elementor-element-e271a85 flyer_p3 e-flex e-con-boxed e-con e-child\" data-id=\"e271a85\" data-element_type=\"container\" data-e-type=\"container\">\n\t\t\t\t\t<div class=\"e-con-inner\">\n\t\t\t\t<div class=\"elementor-element elementor-element-14f0d13 elementor-position-left elementor-vertical-align-middle elementor-widget elementor-widget-image-box\" data-id=\"14f0d13\" data-element_type=\"widget\" data-e-type=\"widget\" data-widget_type=\"image-box.default\">\n\t\t\t\t\t<div class=\"elementor-image-box-wrapper\"><figure class=\"elementor-image-box-img\"><img loading=\"lazy\" decoding=\"async\" width=\"180\" height=\"180\" src=\"https:\/\/maisonschroeder.lu\/wp-content\/uploads\/2025\/06\/icone_quest-ce-que-1.png\" class=\"attachment-full size-full wp-image-5350\" alt=\"\" srcset=\"https:\/\/maisonschroeder.lu\/wp-content\/uploads\/2025\/06\/icone_quest-ce-que-1.png 180w, https:\/\/maisonschroeder.lu\/wp-content\/uploads\/2025\/06\/icone_quest-ce-que-1-150x150.png 150w\" sizes=\"(max-width: 180px) 100vw, 180px\" \/><\/figure><div class=\"elementor-image-box-content\"><h3 class=\"elementor-image-box-title\">Qu'est ce que<br><strong>Shell Go+ ?<\/strong><\/h3><\/div><\/div>\t\t\t\t<\/div>\n\t\t\t\t<div class=\"elementor-element elementor-element-de17790 elementor-widget elementor-widget-text-editor\" data-id=\"de17790\" data-element_type=\"widget\" data-e-type=\"widget\" data-widget_type=\"text-editor.default\">\n\t\t\t\t\t\t\t\t\t<p><em><strong>Shell GO+<\/strong><\/em> est le programme de fid\u00e9lit\u00e9 de Shell. Celui-ci vous donne droit \u00e0 <strong>des r\u00e9ductions, des offres personnalis\u00e9es et bien d\u2019autres avantages.<\/strong> <br \/>Et vous pouvez m\u00eame payer vos pleins sans contact et sans sortir de votre v\u00e9hicule gr\u00e2ce \u00e0 Shell SmartPay. <br \/><strong>Le tout, dans une seule application.<\/strong><\/p>\t\t\t\t\t\t\t\t<\/div>\n\t\t\t\t<div class=\"elementor-element elementor-element-6cc1729 elementor-widget elementor-widget-image\" data-id=\"6cc1729\" data-element_type=\"widget\" data-e-type=\"widget\" data-widget_type=\"image.default\">\n\t\t\t\t\t\t\t\t\t\t\t\t\t\t\t<img loading=\"lazy\" decoding=\"async\" width=\"602\" height=\"602\" src=\"https:\/\/maisonschroeder.lu\/wp-content\/uploads\/2025\/06\/application.png\" class=\"attachment-large size-large wp-image-5404\" alt=\"\" srcset=\"https:\/\/maisonschroeder.lu\/wp-content\/uploads\/2025\/06\/application.png 602w, https:\/\/maisonschroeder.lu\/wp-content\/uploads\/2025\/06\/application-300x300.png 300w, https:\/\/maisonschroeder.lu\/wp-content\/uploads\/2025\/06\/application-150x150.png 150w, https:\/\/maisonschroeder.lu\/wp-content\/uploads\/2025\/06\/application-600x600.png 600w\" sizes=\"(max-width: 602px) 100vw, 602px\" \/>\t\t\t\t\t\t\t\t\t\t\t\t\t\t\t<\/div>\n\t\t\t\t\t<\/div>\n\t\t\t\t<\/div>\n\t\t<div class=\"elementor-element elementor-element-0bcffd8 flyer_p4 e-flex e-con-boxed e-con e-child\" data-id=\"0bcffd8\" data-element_type=\"container\" data-e-type=\"container\">\n\t\t\t\t\t<div class=\"e-con-inner\">\n\t\t\t\t<div class=\"elementor-element elementor-element-e90f388 elementor-position-left elementor-vertical-align-middle elementor-widget elementor-widget-image-box\" data-id=\"e90f388\" data-element_type=\"widget\" data-e-type=\"widget\" data-widget_type=\"image-box.default\">\n\t\t\t\t\t<div class=\"elementor-image-box-wrapper\"><figure class=\"elementor-image-box-img\"><img loading=\"lazy\" decoding=\"async\" width=\"180\" height=\"180\" src=\"https:\/\/maisonschroeder.lu\/wp-content\/uploads\/2025\/06\/icone_collectez-1.png\" class=\"attachment-full size-full wp-image-5349\" alt=\"\" srcset=\"https:\/\/maisonschroeder.lu\/wp-content\/uploads\/2025\/06\/icone_collectez-1.png 180w, https:\/\/maisonschroeder.lu\/wp-content\/uploads\/2025\/06\/icone_collectez-1-150x150.png 150w\" sizes=\"(max-width: 180px) 100vw, 180px\" \/><\/figure><div class=\"elementor-image-box-content\"><h3 class=\"elementor-image-box-title\">Qu'est ce que<br><strong>Shell Go+ ?<\/strong><\/h3><\/div><\/div>\t\t\t\t<\/div>\n\t\t\t\t<div class=\"elementor-element elementor-element-e7ba499 elementor-widget elementor-widget-text-editor\" data-id=\"e7ba499\" data-element_type=\"widget\" data-e-type=\"widget\" data-widget_type=\"text-editor.default\">\n\t\t\t\t\t\t\t\t\t<p>En tant que membre Shell GO+, vous b\u00e9n\u00e9ficiez de privil\u00e8ges que les autres n\u2019ont pas. <br \/>Pour en profiter, il suffit de cumuler des points en scannant votre carte Shell GO+ \u00e0 chaque achat dans une station Shell participante au Luxembourg, en Belgique et en France.<\/p>\t\t\t\t\t\t\t\t<\/div>\n\t\t\t\t<div class=\"elementor-element elementor-element-887a70d elementor-widget elementor-widget-text-editor\" data-id=\"887a70d\" data-element_type=\"widget\" data-e-type=\"widget\" data-widget_type=\"text-editor.default\">\n\t\t\t\t\t\t\t\t\t<p>\u00b7 1 point par litre de carburant standard, GPL, AdBlue* <br \/>\u00b7 2 points par litre de Shell V-Power<br \/>\u00b7 1 point par EUR d\u00e9pens\u00e9 dans le shop**<\/p>\t\t\t\t\t\t\t\t<\/div>\n\t\t\t\t<div class=\"elementor-element elementor-element-7049122 elementor-widget elementor-widget-image\" data-id=\"7049122\" data-element_type=\"widget\" data-e-type=\"widget\" data-widget_type=\"image.default\">\n\t\t\t\t\t\t\t\t\t\t\t\t\t\t\t<img loading=\"lazy\" decoding=\"async\" width=\"907\" height=\"262\" src=\"https:\/\/maisonschroeder.lu\/wp-content\/uploads\/2025\/06\/Sans-titre-5.png\" class=\"attachment-large size-large wp-image-5363\" alt=\"\" srcset=\"https:\/\/maisonschroeder.lu\/wp-content\/uploads\/2025\/06\/Sans-titre-5.png 907w, https:\/\/maisonschroeder.lu\/wp-content\/uploads\/2025\/06\/Sans-titre-5-300x87.png 300w, https:\/\/maisonschroeder.lu\/wp-content\/uploads\/2025\/06\/Sans-titre-5-768x222.png 768w\" sizes=\"(max-width: 907px) 100vw, 907px\" \/>\t\t\t\t\t\t\t\t\t\t\t\t\t\t\t<\/div>\n\t\t\t\t<div class=\"elementor-element elementor-element-575d780 elementor-widget elementor-widget-text-editor\" data-id=\"575d780\" data-element_type=\"widget\" data-e-type=\"widget\" data-widget_type=\"text-editor.default\">\n\t\t\t\t\t\t\t\t\t<p>* Non valable sur Shell Recharge, Shell Hydrogen, Shell LNG. <br \/>** Non valable sur l\u2019alcool, le tabac, les m\u00e9dicaments, les livres\/magazines, les cartes t\u00e9l\u00e9phoniques et la loterie. Non valable sur les machines en self-service (caf\u00e9, etc.), les enseignes en colocation (Starbucks, Pizza Hut, etc.)<\/p>\t\t\t\t\t\t\t\t<\/div>\n\t\t\t\t\t<\/div>\n\t\t\t\t<\/div>\n\t\t\t\t<\/div>\n\t\t\t\t<\/div>\n\t\t<\/div>\n\t\t\t\t\t\t<\/div>\n\t\t\t\t<\/div>\n\t\t\t\t<\/div>\n\t\t","protected":false},"excerpt":{"rendered":"","protected":false},"author":1,"featured_media":0,"parent":0,"menu_order":3,"comment_status":"closed","ping_status":"closed","template":"","meta":{"ocean_post_layout":"full-screen","ocean_both_sidebars_style":"","ocean_both_sidebars_content_width":0,"ocean_both_sidebars_sidebars_width":0,"ocean_sidebar":"0","ocean_second_sidebar":"0","ocean_disable_margins":"on","ocean_add_body_class":"","ocean_shortcode_before_top_bar":"","ocean_shortcode_after_top_bar":"","ocean_shortcode_before_header":"","ocean_shortcode_after_header":"","ocean_has_shortcode":"","ocean_shortcode_after_title":"","ocean_shortcode_before_footer_widgets":"","ocean_shortcode_after_footer_widgets":"","ocean_shortcode_before_footer_bottom":"","ocean_shortcode_after_footer_bottom":"","ocean_display_top_bar":"default","ocean_display_header":"default","ocean_header_style":"","ocean_center_header_left_menu":"0","ocean_custom_header_template":"0","ocean_custom_logo":0,"ocean_custom_retina_logo":0,"ocean_custom_logo_max_width":0,"ocean_custom_logo_tablet_max_width":0,"ocean_custom_logo_mobile_max_width":0,"ocean_custom_logo_max_height":0,"ocean_custom_logo_tablet_max_height":0,"ocean_custom_logo_mobile_max_height":0,"ocean_header_custom_menu":"0","ocean_menu_typo_font_family":"0","ocean_menu_typo_font_subset":"","ocean_menu_typo_font_size":0,"ocean_menu_typo_font_size_tablet":0,"ocean_menu_typo_font_size_mobile":0,"ocean_menu_typo_font_size_unit":"px","ocean_menu_typo_font_weight":"","ocean_menu_typo_font_weight_tablet":"","ocean_menu_typo_font_weight_mobile":"","ocean_menu_typo_transform":"","ocean_menu_typo_transform_tablet":"","ocean_menu_typo_transform_mobile":"","ocean_menu_typo_line_height":0,"ocean_menu_typo_line_height_tablet":0,"ocean_menu_typo_line_height_mobile":0,"ocean_menu_typo_line_height_unit":"","ocean_menu_typo_spacing":0,"ocean_menu_typo_spacing_tablet":0,"ocean_menu_typo_spacing_mobile":0,"ocean_menu_typo_spacing_unit":"","ocean_menu_link_color":"","ocean_menu_link_color_hover":"","ocean_menu_link_color_active":"","ocean_menu_link_background":"","ocean_menu_link_hover_background":"","ocean_menu_link_active_background":"","ocean_menu_social_links_bg":"","ocean_menu_social_hover_links_bg":"","ocean_menu_social_links_color":"","ocean_menu_social_hover_links_color":"","ocean_disable_title":"enable","ocean_disable_heading":"on","ocean_post_title":"","ocean_post_subheading":"","ocean_post_title_style":"","ocean_post_title_background_color":"","ocean_post_title_background":0,"ocean_post_title_bg_image_position":"","ocean_post_title_bg_image_attachment":"","ocean_post_title_bg_image_repeat":"","ocean_post_title_bg_image_size":"","ocean_post_title_height":0,"ocean_post_title_bg_overlay":0.5,"ocean_post_title_bg_overlay_color":"","ocean_disable_breadcrumbs":"off","ocean_breadcrumbs_color":"","ocean_breadcrumbs_separator_color":"","ocean_breadcrumbs_links_color":"","ocean_breadcrumbs_links_hover_color":"","ocean_display_footer_widgets":"on","ocean_display_footer_bottom":"on","ocean_custom_footer_template":"0","footnotes":""},"class_list":["post-8445","page","type-page","status-publish","hentry","entry"],"yoast_head":"<!-- This site is optimized with the Yoast SEO plugin v27.3 - https:\/\/yoast.com\/product\/yoast-seo-wordpress\/ -->\n<title>Carta Shell - Maison Schroeder | Mazout | Pellets | Leudelange<\/title>\n<meta name=\"robots\" content=\"index, follow, max-snippet:-1, max-image-preview:large, max-video-preview:-1\" \/>\n<link rel=\"canonical\" href=\"https:\/\/maisonschroeder.lu\/pt-pt\/cartoes-shell\/\" \/>\n<meta property=\"og:locale\" content=\"pt_PT\" \/>\n<meta property=\"og:type\" content=\"article\" \/>\n<meta property=\"og:title\" content=\"Carta Shell - Maison Schroeder | Mazout | Pellets | Leudelange\" \/>\n<meta property=\"og:url\" content=\"https:\/\/maisonschroeder.lu\/pt-pt\/cartoes-shell\/\" \/>\n<meta property=\"og:site_name\" content=\"Maison Schroeder | Mazout | Pellets | Leudelange\" \/>\n<meta property=\"article:modified_time\" content=\"2025-09-08T11:13:11+00:00\" \/>\n<meta name=\"twitter:card\" content=\"summary_large_image\" \/>\n<script type=\"application\/ld+json\" class=\"yoast-schema-graph\">{\"@context\":\"https:\\\/\\\/schema.org\",\"@graph\":[{\"@type\":\"WebPage\",\"@id\":\"https:\\\/\\\/maisonschroeder.lu\\\/pt-pt\\\/cartoes-shell\\\/\",\"url\":\"https:\\\/\\\/maisonschroeder.lu\\\/pt-pt\\\/cartoes-shell\\\/\",\"name\":\"Carta Shell - Maison Schroeder | Mazout | Pellets | Leudelange\",\"isPartOf\":{\"@id\":\"https:\\\/\\\/maisonschroeder.lu\\\/pt-pt\\\/#website\"},\"datePublished\":\"2025-06-19T07:24:34+00:00\",\"dateModified\":\"2025-09-08T11:13:11+00:00\",\"breadcrumb\":{\"@id\":\"https:\\\/\\\/maisonschroeder.lu\\\/pt-pt\\\/cartoes-shell\\\/#breadcrumb\"},\"inLanguage\":\"pt-PT\",\"potentialAction\":[{\"@type\":\"ReadAction\",\"target\":[\"https:\\\/\\\/maisonschroeder.lu\\\/pt-pt\\\/cartoes-shell\\\/\"]}]},{\"@type\":\"BreadcrumbList\",\"@id\":\"https:\\\/\\\/maisonschroeder.lu\\\/pt-pt\\\/cartoes-shell\\\/#breadcrumb\",\"itemListElement\":[{\"@type\":\"ListItem\",\"position\":1,\"name\":\"In\u00edcio\",\"item\":\"https:\\\/\\\/maisonschroeder.lu\\\/pt-pt\\\/\"},{\"@type\":\"ListItem\",\"position\":2,\"name\":\"Carta Shell\"}]},{\"@type\":\"WebSite\",\"@id\":\"https:\\\/\\\/maisonschroeder.lu\\\/pt-pt\\\/#website\",\"url\":\"https:\\\/\\\/maisonschroeder.lu\\\/pt-pt\\\/\",\"name\":\"Maison Schroeder | Mazout | Pellets | Leudelange\",\"description\":\"Maison Schroeder | Mazout - Pellets - Lubrifiants - ADBLUE - Veidec - Mat\u00e9riel industriel | Leudelange\",\"publisher\":{\"@id\":\"https:\\\/\\\/maisonschroeder.lu\\\/pt-pt\\\/#organization\"},\"potentialAction\":[{\"@type\":\"SearchAction\",\"target\":{\"@type\":\"EntryPoint\",\"urlTemplate\":\"https:\\\/\\\/maisonschroeder.lu\\\/pt-pt\\\/?s={search_term_string}\"},\"query-input\":{\"@type\":\"PropertyValueSpecification\",\"valueRequired\":true,\"valueName\":\"search_term_string\"}}],\"inLanguage\":\"pt-PT\"},{\"@type\":\"Organization\",\"@id\":\"https:\\\/\\\/maisonschroeder.lu\\\/pt-pt\\\/#organization\",\"name\":\"Maison Schroeder | Mazout | Pellets | Leudelange\",\"url\":\"https:\\\/\\\/maisonschroeder.lu\\\/pt-pt\\\/\",\"logo\":{\"@type\":\"ImageObject\",\"inLanguage\":\"pt-PT\",\"@id\":\"https:\\\/\\\/maisonschroeder.lu\\\/pt-pt\\\/#\\\/schema\\\/logo\\\/image\\\/\",\"url\":\"https:\\\/\\\/maisonschroeder.lu\\\/wp-content\\\/uploads\\\/2025\\\/06\\\/logo.png\",\"contentUrl\":\"https:\\\/\\\/maisonschroeder.lu\\\/wp-content\\\/uploads\\\/2025\\\/06\\\/logo.png\",\"width\":1268,\"height\":400,\"caption\":\"Maison Schroeder | Mazout | Pellets | Leudelange\"},\"image\":{\"@id\":\"https:\\\/\\\/maisonschroeder.lu\\\/pt-pt\\\/#\\\/schema\\\/logo\\\/image\\\/\"}}]}<\/script>\n<!-- \/ Yoast SEO plugin. -->","yoast_head_json":{"title":"Carta Shell - Maison Schroeder | Mazout | Pellets | Leudelange","robots":{"index":"index","follow":"follow","max-snippet":"max-snippet:-1","max-image-preview":"max-image-preview:large","max-video-preview":"max-video-preview:-1"},"canonical":"https:\/\/maisonschroeder.lu\/pt-pt\/cartoes-shell\/","og_locale":"pt_PT","og_type":"article","og_title":"Carta Shell - Maison Schroeder | Mazout | Pellets | Leudelange","og_url":"https:\/\/maisonschroeder.lu\/pt-pt\/cartoes-shell\/","og_site_name":"Maison Schroeder | Mazout | Pellets | Leudelange","article_modified_time":"2025-09-08T11:13:11+00:00","twitter_card":"summary_large_image","schema":{"@context":"https:\/\/schema.org","@graph":[{"@type":"WebPage","@id":"https:\/\/maisonschroeder.lu\/pt-pt\/cartoes-shell\/","url":"https:\/\/maisonschroeder.lu\/pt-pt\/cartoes-shell\/","name":"Carta Shell - Maison Schroeder | Mazout | Pellets | Leudelange","isPartOf":{"@id":"https:\/\/maisonschroeder.lu\/pt-pt\/#website"},"datePublished":"2025-06-19T07:24:34+00:00","dateModified":"2025-09-08T11:13:11+00:00","breadcrumb":{"@id":"https:\/\/maisonschroeder.lu\/pt-pt\/cartoes-shell\/#breadcrumb"},"inLanguage":"pt-PT","potentialAction":[{"@type":"ReadAction","target":["https:\/\/maisonschroeder.lu\/pt-pt\/cartoes-shell\/"]}]},{"@type":"BreadcrumbList","@id":"https:\/\/maisonschroeder.lu\/pt-pt\/cartoes-shell\/#breadcrumb","itemListElement":[{"@type":"ListItem","position":1,"name":"In\u00edcio","item":"https:\/\/maisonschroeder.lu\/pt-pt\/"},{"@type":"ListItem","position":2,"name":"Carta Shell"}]},{"@type":"WebSite","@id":"https:\/\/maisonschroeder.lu\/pt-pt\/#website","url":"https:\/\/maisonschroeder.lu\/pt-pt\/","name":"Maison Schroeder | Mazout | Pellets | Leudelange","description":"Maison Schroeder | Mazout - Pellets - Lubrifiants - ADBLUE - Veidec - Mat\u00e9riel industriel | Leudelange","publisher":{"@id":"https:\/\/maisonschroeder.lu\/pt-pt\/#organization"},"potentialAction":[{"@type":"SearchAction","target":{"@type":"EntryPoint","urlTemplate":"https:\/\/maisonschroeder.lu\/pt-pt\/?s={search_term_string}"},"query-input":{"@type":"PropertyValueSpecification","valueRequired":true,"valueName":"search_term_string"}}],"inLanguage":"pt-PT"},{"@type":"Organization","@id":"https:\/\/maisonschroeder.lu\/pt-pt\/#organization","name":"Maison Schroeder | Mazout | Pellets | Leudelange","url":"https:\/\/maisonschroeder.lu\/pt-pt\/","logo":{"@type":"ImageObject","inLanguage":"pt-PT","@id":"https:\/\/maisonschroeder.lu\/pt-pt\/#\/schema\/logo\/image\/","url":"https:\/\/maisonschroeder.lu\/wp-content\/uploads\/2025\/06\/logo.png","contentUrl":"https:\/\/maisonschroeder.lu\/wp-content\/uploads\/2025\/06\/logo.png","width":1268,"height":400,"caption":"Maison Schroeder | Mazout | Pellets | Leudelange"},"image":{"@id":"https:\/\/maisonschroeder.lu\/pt-pt\/#\/schema\/logo\/image\/"}}]}},"_links":{"self":[{"href":"https:\/\/maisonschroeder.lu\/pt-pt\/wp-json\/wp\/v2\/pages\/8445","targetHints":{"allow":["GET"]}}],"collection":[{"href":"https:\/\/maisonschroeder.lu\/pt-pt\/wp-json\/wp\/v2\/pages"}],"about":[{"href":"https:\/\/maisonschroeder.lu\/pt-pt\/wp-json\/wp\/v2\/types\/page"}],"author":[{"embeddable":true,"href":"https:\/\/maisonschroeder.lu\/pt-pt\/wp-json\/wp\/v2\/users\/1"}],"replies":[{"embeddable":true,"href":"https:\/\/maisonschroeder.lu\/pt-pt\/wp-json\/wp\/v2\/comments?post=8445"}],"version-history":[{"count":3,"href":"https:\/\/maisonschroeder.lu\/pt-pt\/wp-json\/wp\/v2\/pages\/8445\/revisions"}],"predecessor-version":[{"id":8724,"href":"https:\/\/maisonschroeder.lu\/pt-pt\/wp-json\/wp\/v2\/pages\/8445\/revisions\/8724"}],"wp:attachment":[{"href":"https:\/\/maisonschroeder.lu\/pt-pt\/wp-json\/wp\/v2\/media?parent=8445"}],"curies":[{"name":"wp","href":"https:\/\/api.w.org\/{rel}","templated":true}]}}