{"id":8537,"date":"2016-09-22T11:05:09","date_gmt":"2016-09-22T09:05:09","guid":{"rendered":"https:\/\/ms.markeasy.lu\/os-nossos-servicos\/pellets\/"},"modified":"2025-09-08T13:02:46","modified_gmt":"2025-09-08T11:02:46","slug":"pellets","status":"publish","type":"page","link":"https:\/\/maisonschroeder.lu\/pt-pt\/os-nossos-servicos\/pellets\/","title":{"rendered":"Pellets"},"content":{"rendered":"\t\t<div data-elementor-type=\"wp-page\" data-elementor-id=\"8537\" class=\"elementor elementor-8537 elementor-1584\" data-elementor-post-type=\"page\">\n\t\t\t\t\t\t<section class=\"elementor-section elementor-top-section elementor-element elementor-element-5e6bf14 elementor-section-full_width elementor-section-stretched contenu_page elementor-section-height-default elementor-section-height-default\" data-id=\"5e6bf14\" data-element_type=\"section\" data-e-type=\"section\" data-settings=\"{&quot;background_background&quot;:&quot;classic&quot;,&quot;background_motion_fx_motion_fx_scrolling&quot;:&quot;yes&quot;,&quot;background_motion_fx_translateY_effect&quot;:&quot;yes&quot;,&quot;background_motion_fx_translateY_speed&quot;:{&quot;unit&quot;:&quot;px&quot;,&quot;size&quot;:10,&quot;sizes&quot;:[]},&quot;background_motion_fx_opacity_effect&quot;:&quot;yes&quot;,&quot;background_motion_fx_blur_effect&quot;:&quot;yes&quot;,&quot;background_motion_fx_blur_range&quot;:{&quot;unit&quot;:&quot;%&quot;,&quot;size&quot;:&quot;&quot;,&quot;sizes&quot;:{&quot;start&quot;:0,&quot;end&quot;:35}},&quot;stretch_section&quot;:&quot;section-stretched&quot;,&quot;background_motion_fx_translateY_affectedRange&quot;:{&quot;unit&quot;:&quot;%&quot;,&quot;size&quot;:&quot;&quot;,&quot;sizes&quot;:{&quot;start&quot;:0,&quot;end&quot;:100}},&quot;background_motion_fx_opacity_direction&quot;:&quot;out-in&quot;,&quot;background_motion_fx_opacity_level&quot;:{&quot;unit&quot;:&quot;px&quot;,&quot;size&quot;:10,&quot;sizes&quot;:[]},&quot;background_motion_fx_opacity_range&quot;:{&quot;unit&quot;:&quot;%&quot;,&quot;size&quot;:&quot;&quot;,&quot;sizes&quot;:{&quot;start&quot;:20,&quot;end&quot;:80}},&quot;background_motion_fx_blur_direction&quot;:&quot;out-in&quot;,&quot;background_motion_fx_blur_level&quot;:{&quot;unit&quot;:&quot;px&quot;,&quot;size&quot;:7,&quot;sizes&quot;:[]},&quot;background_motion_fx_devices&quot;:[&quot;desktop&quot;,&quot;tablet&quot;,&quot;mobile&quot;]}\">\n\t\t\t\t\t\t\t<div class=\"elementor-background-overlay\"><\/div>\n\t\t\t\t\t\t\t<div class=\"elementor-container elementor-column-gap-no\">\n\t\t\t\t\t<div class=\"elementor-column elementor-col-100 elementor-top-column elementor-element elementor-element-6809a73\" data-id=\"6809a73\" data-element_type=\"column\" data-e-type=\"column\" data-settings=\"{&quot;background_background&quot;:&quot;classic&quot;}\">\n\t\t\t<div class=\"elementor-widget-wrap elementor-element-populated\">\n\t\t\t\t\t\t<section class=\"elementor-section elementor-inner-section elementor-element elementor-element-5196634 elementor-section-full_width elementor-section-height-default elementor-section-height-default\" data-id=\"5196634\" data-element_type=\"section\" data-e-type=\"section\" data-settings=\"{&quot;background_background&quot;:&quot;classic&quot;}\">\n\t\t\t\t\t\t<div class=\"elementor-container elementor-column-gap-no\">\n\t\t\t\t\t<div class=\"elementor-column elementor-col-50 elementor-inner-column elementor-element elementor-element-363ac81 cadre_texte elementor-invisible\" data-id=\"363ac81\" data-element_type=\"column\" data-e-type=\"column\" data-settings=\"{&quot;animation&quot;:&quot;fadeInLeft&quot;,&quot;animation_delay&quot;:400}\">\n\t\t\t<div class=\"elementor-widget-wrap elementor-element-populated\">\n\t\t\t\t\t\t<div class=\"elementor-element elementor-element-53461c9 elementor-widget elementor-widget-heading\" data-id=\"53461c9\" data-element_type=\"widget\" data-e-type=\"widget\" data-widget_type=\"heading.default\">\n\t\t\t\t\t<h2 class=\"elementor-heading-title elementor-size-default\">Pellets<\/h2>\t\t\t\t<\/div>\n\t\t\t\t<div class=\"elementor-element elementor-element-e72e407 elementor-widget elementor-widget-text-editor\" data-id=\"e72e407\" data-element_type=\"widget\" data-e-type=\"widget\" data-widget_type=\"text-editor.default\">\n\t\t\t\t\t\t\t\t\t<p><strong>Nem todos os pellets s\u00e3o iguais: opte por uma qualidade certificada para garantir o desempenho e a longevidade do seu sistema de aquecimento.<\/strong><\/p>\t\t\t\t\t\t\t\t<\/div>\n\t\t\t\t<div class=\"elementor-element elementor-element-f2062a3 elementor-widget-divider--view-line elementor-widget elementor-widget-divider\" data-id=\"f2062a3\" data-element_type=\"widget\" data-e-type=\"widget\" data-widget_type=\"divider.default\">\n\t\t\t\t\t\t\t<div class=\"elementor-divider\">\n\t\t\t<span class=\"elementor-divider-separator\">\n\t\t\t\t\t\t<\/span>\n\t\t<\/div>\n\t\t\t\t\t\t<\/div>\n\t\t\t\t<div class=\"elementor-element elementor-element-7e7568e elementor-widget elementor-widget-text-editor\" data-id=\"7e7568e\" data-element_type=\"widget\" data-e-type=\"widget\" data-widget_type=\"text-editor.default\">\n\t\t\t\t\t\t\t\t\t<p>Os Firestixx s\u00e3o granulados certificados Enplus e DINplus, fabricados a partir de madeira resinosa 100% nacional.<\/p><p>Ao longo do processo de produ\u00e7\u00e3o, valores como o teor de p\u00f3, a densidade, a humidade ou a abras\u00e3o s\u00e3o medidos e documentados de hora em hora. Apenas os produtos testados que cumprem as normas de qualidade rigorosas da FireStixx saem da f\u00e1brica. Com granulados de m\u00e1 qualidade, o p\u00f3 acumula-se no fundo da \u00e1rea de armazenamento. Se este entrar nos sistemas de transporte do sistema de aquecimento, pode danificar gravemente o seu recuperador e reduzir a sua efici\u00eancia.   <\/p>\t\t\t\t\t\t\t\t<\/div>\n\t\t\t\t\t<\/div>\n\t\t<\/div>\n\t\t\t\t<div class=\"elementor-column elementor-col-50 elementor-inner-column elementor-element elementor-element-4485119 cadre_image elementor-invisible\" data-id=\"4485119\" data-element_type=\"column\" data-e-type=\"column\" data-settings=\"{&quot;animation&quot;:&quot;fadeInRight&quot;,&quot;animation_delay&quot;:800,&quot;background_background&quot;:&quot;classic&quot;}\">\n\t\t\t<div class=\"elementor-widget-wrap\">\n\t\t\t\t\t\t\t<\/div>\n\t\t<\/div>\n\t\t\t\t\t<\/div>\n\t\t<\/section>\n\t\t\t\t<section class=\"elementor-section elementor-inner-section elementor-element elementor-element-1447b3c elementor-section-full_width elementor-section-height-default elementor-section-height-default\" data-id=\"1447b3c\" data-element_type=\"section\" data-e-type=\"section\" data-settings=\"{&quot;background_background&quot;:&quot;classic&quot;}\">\n\t\t\t\t\t\t<div class=\"elementor-container elementor-column-gap-no\">\n\t\t\t\t\t<div class=\"elementor-column elementor-col-50 elementor-inner-column elementor-element elementor-element-4f0c9b4 cadre_image elementor-invisible\" data-id=\"4f0c9b4\" data-element_type=\"column\" data-e-type=\"column\" data-settings=\"{&quot;animation&quot;:&quot;fadeInLeft&quot;,&quot;animation_delay&quot;:800,&quot;background_background&quot;:&quot;slideshow&quot;,&quot;background_slideshow_gallery&quot;:[{&quot;id&quot;:7871,&quot;url&quot;:&quot;https:\\\/\\\/maisonschroeder.lu\\\/wp-content\\\/uploads\\\/2025\\\/07\\\/pellets.png&quot;}],&quot;background_slideshow_slide_duration&quot;:2000,&quot;background_slideshow_ken_burns&quot;:&quot;yes&quot;,&quot;background_slideshow_loop&quot;:&quot;yes&quot;,&quot;background_slideshow_slide_transition&quot;:&quot;fade&quot;,&quot;background_slideshow_transition_duration&quot;:500,&quot;background_slideshow_ken_burns_zoom_direction&quot;:&quot;in&quot;}\">\n\t\t\t<div class=\"elementor-widget-wrap\">\n\t\t\t\t\t\t\t<\/div>\n\t\t<\/div>\n\t\t\t\t<div class=\"elementor-column elementor-col-50 elementor-inner-column elementor-element elementor-element-d328b21 cadre_texte elementor-invisible\" data-id=\"d328b21\" data-element_type=\"column\" data-e-type=\"column\" data-settings=\"{&quot;animation&quot;:&quot;fadeInRight&quot;,&quot;animation_delay&quot;:400,&quot;background_background&quot;:&quot;classic&quot;}\">\n\t\t\t<div class=\"elementor-widget-wrap elementor-element-populated\">\n\t\t\t\t\t\t<div class=\"elementor-element elementor-element-2881125 elementor-widget elementor-widget-heading\" data-id=\"2881125\" data-element_type=\"widget\" data-e-type=\"widget\" data-widget_type=\"heading.default\">\n\t\t\t\t\t<h2 class=\"elementor-heading-title elementor-size-default\">Quais s\u00e3o as vantagens dos granulados Firestixx?<\/h2>\t\t\t\t<\/div>\n\t\t\t\t<div class=\"elementor-element elementor-element-6fe13f9 elementor-widget elementor-widget-text-editor\" data-id=\"6fe13f9\" data-element_type=\"widget\" data-e-type=\"widget\" data-widget_type=\"text-editor.default\">\n\t\t\t\t\t\t\t\t\t<p><strong>Pode encontr\u00e1-las todas aqui, de relance:<\/strong><\/p>\t\t\t\t\t\t\t\t<\/div>\n\t\t\t\t<div class=\"elementor-element elementor-element-f38d2e8 elementor-icon-list--layout-traditional elementor-list-item-link-full_width elementor-widget elementor-widget-icon-list\" data-id=\"f38d2e8\" data-element_type=\"widget\" data-e-type=\"widget\" data-widget_type=\"icon-list.default\">\n\t\t\t\t\t\t\t<ul class=\"elementor-icon-list-items\">\n\t\t\t\t\t\t\t<li class=\"elementor-icon-list-item\">\n\t\t\t\t\t\t\t\t\t\t\t<span class=\"elementor-icon-list-icon\">\n\t\t\t\t\t\t\t<svg aria-hidden=\"true\" class=\"e-font-icon-svg e-fas-check\" viewBox=\"0 0 512 512\" xmlns=\"http:\/\/www.w3.org\/2000\/svg\"><path d=\"M173.898 439.404l-166.4-166.4c-9.997-9.997-9.997-26.206 0-36.204l36.203-36.204c9.997-9.998 26.207-9.998 36.204 0L192 312.69 432.095 72.596c9.997-9.997 26.207-9.997 36.204 0l36.203 36.204c9.997 9.997 9.997 26.206 0 36.204l-294.4 294.401c-9.998 9.997-26.207 9.997-36.204-.001z\"><\/path><\/svg>\t\t\t\t\t\t<\/span>\n\t\t\t\t\t\t\t\t\t\t<span class=\"elementor-icon-list-text\">Redu\u00e7\u00e3o das emiss\u00f5es gra\u00e7as a mat\u00e9rias-primas naturais e renov\u00e1veis<\/span>\n\t\t\t\t\t\t\t\t\t<\/li>\n\t\t\t\t\t\t\t\t<li class=\"elementor-icon-list-item\">\n\t\t\t\t\t\t\t\t\t\t\t<span class=\"elementor-icon-list-icon\">\n\t\t\t\t\t\t\t<svg aria-hidden=\"true\" class=\"e-font-icon-svg e-fas-check\" viewBox=\"0 0 512 512\" xmlns=\"http:\/\/www.w3.org\/2000\/svg\"><path d=\"M173.898 439.404l-166.4-166.4c-9.997-9.997-9.997-26.206 0-36.204l36.203-36.204c9.997-9.998 26.207-9.998 36.204 0L192 312.69 432.095 72.596c9.997-9.997 26.207-9.997 36.204 0l36.203 36.204c9.997 9.997 9.997 26.206 0 36.204l-294.4 294.401c-9.998 9.997-26.207 9.997-36.204-.001z\"><\/path><\/svg>\t\t\t\t\t\t<\/span>\n\t\t\t\t\t\t\t\t\t\t<span class=\"elementor-icon-list-text\">Baixo consumo de energia e custos de aquecimento reduzidos<\/span>\n\t\t\t\t\t\t\t\t\t<\/li>\n\t\t\t\t\t\t\t\t<li class=\"elementor-icon-list-item\">\n\t\t\t\t\t\t\t\t\t\t\t<span class=\"elementor-icon-list-icon\">\n\t\t\t\t\t\t\t<svg aria-hidden=\"true\" class=\"e-font-icon-svg e-fas-check\" viewBox=\"0 0 512 512\" xmlns=\"http:\/\/www.w3.org\/2000\/svg\"><path d=\"M173.898 439.404l-166.4-166.4c-9.997-9.997-9.997-26.206 0-36.204l36.203-36.204c9.997-9.998 26.207-9.998 36.204 0L192 312.69 432.095 72.596c9.997-9.997 26.207-9.997 36.204 0l36.203 36.204c9.997 9.997 9.997 26.206 0 36.204l-294.4 294.401c-9.998 9.997-26.207 9.997-36.204-.001z\"><\/path><\/svg>\t\t\t\t\t\t<\/span>\n\t\t\t\t\t\t\t\t\t\t<span class=\"elementor-icon-list-text\">Prolongar a vida \u00fatil dos queimadores e das caldeiras<\/span>\n\t\t\t\t\t\t\t\t\t<\/li>\n\t\t\t\t\t\t\t\t<li class=\"elementor-icon-list-item\">\n\t\t\t\t\t\t\t\t\t\t\t<span class=\"elementor-icon-list-icon\">\n\t\t\t\t\t\t\t<svg aria-hidden=\"true\" class=\"e-font-icon-svg e-fas-check\" viewBox=\"0 0 512 512\" xmlns=\"http:\/\/www.w3.org\/2000\/svg\"><path d=\"M173.898 439.404l-166.4-166.4c-9.997-9.997-9.997-26.206 0-36.204l36.203-36.204c9.997-9.998 26.207-9.998 36.204 0L192 312.69 432.095 72.596c9.997-9.997 26.207-9.997 36.204 0l36.203 36.204c9.997 9.997 9.997 26.206 0 36.204l-294.4 294.401c-9.998 9.997-26.207 9.997-36.204-.001z\"><\/path><\/svg>\t\t\t\t\t\t<\/span>\n\t\t\t\t\t\t\t\t\t\t<span class=\"elementor-icon-list-text\">Menos problemas para os instaladores de aquecimento, crit\u00e9rios rigorosos para o transporte.<\/span>\n\t\t\t\t\t\t\t\t\t<\/li>\n\t\t\t\t\t\t<\/ul>\n\t\t\t\t\t\t<\/div>\n\t\t\t\t<div class=\"elementor-element elementor-element-b3c7a97 elementor-widget elementor-widget-text-editor\" data-id=\"b3c7a97\" data-element_type=\"widget\" data-e-type=\"widget\" data-widget_type=\"text-editor.default\">\n\t\t\t\t\t\t\t\t\t<p>Apenas os revendedores certificados e formados est\u00e3o autorizados a vender FireStixx.<\/p><p>O pelprotec faz a diferen\u00e7a. Ao encher o dep\u00f3sito de pellets, a superf\u00edcie dos pellets \u00e9 coberta com a pel\u00edcula protetora fina pelprotec; isto acontece ainda no cami\u00e3o-cisterna. Esta pel\u00edcula protetora natural e ultrafina oferece muitas outras vantagens: Combust\u00e3o limpa e muito poucas cinzas de madeira, comportamento de escoamento seguro e sem problemas, e garante menos 95% de p\u00f3 durante o sopro, evitando assim o bloqueio dos parafusos.  <\/p><p>Oferecemos granulados a granel (at\u00e9 18 toneladas) e produtos em sacos (sacos de 15 kg &#8211; 66 sacos\/palete)<\/p>\t\t\t\t\t\t\t\t<\/div>\n\t\t\t\t\t<\/div>\n\t\t<\/div>\n\t\t\t\t\t<\/div>\n\t\t<\/section>\n\t\t\t\t\t<\/div>\n\t\t<\/div>\n\t\t\t\t\t<\/div>\n\t\t<\/section>\n\t\t\t\t<\/div>\n\t\t","protected":false},"excerpt":{"rendered":"<p>Nem todos os pellets s\u00e3o iguais: opte por uma qualidade certificada para garantir o desempenho e a longevidade do seu sistema de aquecimento. Os Firestixx s\u00e3o granulados certificados Enplus e DINplus, fabricados a partir de madeira resinosa 100% nacional. Ao longo do processo de produ\u00e7\u00e3o, valores como o teor de p\u00f3, a densidade, a humidade [&hellip;]<\/p>\n","protected":false},"author":1,"featured_media":0,"parent":8532,"menu_order":5,"comment_status":"closed","ping_status":"closed","template":"","meta":{"ocean_post_layout":"full-screen","ocean_both_sidebars_style":"","ocean_both_sidebars_content_width":0,"ocean_both_sidebars_sidebars_width":0,"ocean_sidebar":"0","ocean_second_sidebar":"0","ocean_disable_margins":"on","ocean_add_body_class":"","ocean_shortcode_before_top_bar":"","ocean_shortcode_after_top_bar":"","ocean_shortcode_before_header":"","ocean_shortcode_after_header":"","ocean_has_shortcode":"","ocean_shortcode_after_title":"","ocean_shortcode_before_footer_widgets":"","ocean_shortcode_after_footer_widgets":"","ocean_shortcode_before_footer_bottom":"","ocean_shortcode_after_footer_bottom":"","ocean_display_top_bar":"default","ocean_display_header":"default","ocean_header_style":"","ocean_center_header_left_menu":"0","ocean_custom_header_template":"0","ocean_custom_logo":0,"ocean_custom_retina_logo":0,"ocean_custom_logo_max_width":0,"ocean_custom_logo_tablet_max_width":0,"ocean_custom_logo_mobile_max_width":0,"ocean_custom_logo_max_height":0,"ocean_custom_logo_tablet_max_height":0,"ocean_custom_logo_mobile_max_height":0,"ocean_header_custom_menu":"0","ocean_menu_typo_font_family":"0","ocean_menu_typo_font_subset":"","ocean_menu_typo_font_size":0,"ocean_menu_typo_font_size_tablet":0,"ocean_menu_typo_font_size_mobile":0,"ocean_menu_typo_font_size_unit":"px","ocean_menu_typo_font_weight":"","ocean_menu_typo_font_weight_tablet":"","ocean_menu_typo_font_weight_mobile":"","ocean_menu_typo_transform":"","ocean_menu_typo_transform_tablet":"","ocean_menu_typo_transform_mobile":"","ocean_menu_typo_line_height":0,"ocean_menu_typo_line_height_tablet":0,"ocean_menu_typo_line_height_mobile":0,"ocean_menu_typo_line_height_unit":"","ocean_menu_typo_spacing":0,"ocean_menu_typo_spacing_tablet":0,"ocean_menu_typo_spacing_mobile":0,"ocean_menu_typo_spacing_unit":"","ocean_menu_link_color":"","ocean_menu_link_color_hover":"","ocean_menu_link_color_active":"","ocean_menu_link_background":"","ocean_menu_link_hover_background":"","ocean_menu_link_active_background":"","ocean_menu_social_links_bg":"","ocean_menu_social_hover_links_bg":"","ocean_menu_social_links_color":"","ocean_menu_social_hover_links_color":"","ocean_disable_title":"enable","ocean_disable_heading":"on","ocean_post_title":"","ocean_post_subheading":"","ocean_post_title_style":"","ocean_post_title_background_color":"","ocean_post_title_background":0,"ocean_post_title_bg_image_position":"","ocean_post_title_bg_image_attachment":"","ocean_post_title_bg_image_repeat":"","ocean_post_title_bg_image_size":"","ocean_post_title_height":0,"ocean_post_title_bg_overlay":0.5,"ocean_post_title_bg_overlay_color":"","ocean_disable_breadcrumbs":"off","ocean_breadcrumbs_color":"","ocean_breadcrumbs_separator_color":"","ocean_breadcrumbs_links_color":"","ocean_breadcrumbs_links_hover_color":"","ocean_display_footer_widgets":"on","ocean_display_footer_bottom":"on","ocean_custom_footer_template":"0","footnotes":""},"class_list":["post-8537","page","type-page","status-publish","hentry","entry"],"yoast_head":"<!-- This site is optimized with the Yoast SEO plugin v27.3 - https:\/\/yoast.com\/product\/yoast-seo-wordpress\/ -->\n<title>Pellets - Maison Schroeder | Mazout | Pellets | Leudelange<\/title>\n<meta name=\"robots\" content=\"index, follow, max-snippet:-1, max-image-preview:large, max-video-preview:-1\" \/>\n<link rel=\"canonical\" href=\"https:\/\/maisonschroeder.lu\/pt-pt\/os-nossos-servicos\/pellets\/\" \/>\n<meta property=\"og:locale\" content=\"pt_PT\" \/>\n<meta property=\"og:type\" content=\"article\" \/>\n<meta property=\"og:title\" content=\"Pellets - Maison Schroeder | Mazout | Pellets | Leudelange\" \/>\n<meta property=\"og:description\" content=\"Nem todos os pellets s\u00e3o iguais: opte por uma qualidade certificada para garantir o desempenho e a longevidade do seu sistema de aquecimento. Os Firestixx s\u00e3o granulados certificados Enplus e DINplus, fabricados a partir de madeira resinosa 100% nacional. Ao longo do processo de produ\u00e7\u00e3o, valores como o teor de p\u00f3, a densidade, a humidade [&hellip;]\" \/>\n<meta property=\"og:url\" content=\"https:\/\/maisonschroeder.lu\/pt-pt\/os-nossos-servicos\/pellets\/\" \/>\n<meta property=\"og:site_name\" content=\"Maison Schroeder | Mazout | Pellets | Leudelange\" \/>\n<meta property=\"article:modified_time\" content=\"2025-09-08T11:02:46+00:00\" \/>\n<meta name=\"twitter:card\" content=\"summary_large_image\" \/>\n<meta name=\"twitter:label1\" content=\"Tempo estimado de leitura\" \/>\n\t<meta name=\"twitter:data1\" content=\"1 minuto\" \/>\n<script type=\"application\/ld+json\" class=\"yoast-schema-graph\">{\"@context\":\"https:\\\/\\\/schema.org\",\"@graph\":[{\"@type\":\"WebPage\",\"@id\":\"https:\\\/\\\/maisonschroeder.lu\\\/pt-pt\\\/os-nossos-servicos\\\/pellets\\\/\",\"url\":\"https:\\\/\\\/maisonschroeder.lu\\\/pt-pt\\\/os-nossos-servicos\\\/pellets\\\/\",\"name\":\"Pellets - Maison Schroeder | Mazout | Pellets | Leudelange\",\"isPartOf\":{\"@id\":\"https:\\\/\\\/maisonschroeder.lu\\\/pt-pt\\\/#website\"},\"datePublished\":\"2016-09-22T09:05:09+00:00\",\"dateModified\":\"2025-09-08T11:02:46+00:00\",\"breadcrumb\":{\"@id\":\"https:\\\/\\\/maisonschroeder.lu\\\/pt-pt\\\/os-nossos-servicos\\\/pellets\\\/#breadcrumb\"},\"inLanguage\":\"pt-PT\",\"potentialAction\":[{\"@type\":\"ReadAction\",\"target\":[\"https:\\\/\\\/maisonschroeder.lu\\\/pt-pt\\\/os-nossos-servicos\\\/pellets\\\/\"]}]},{\"@type\":\"BreadcrumbList\",\"@id\":\"https:\\\/\\\/maisonschroeder.lu\\\/pt-pt\\\/os-nossos-servicos\\\/pellets\\\/#breadcrumb\",\"itemListElement\":[{\"@type\":\"ListItem\",\"position\":1,\"name\":\"In\u00edcio\",\"item\":\"https:\\\/\\\/maisonschroeder.lu\\\/pt-pt\\\/\"},{\"@type\":\"ListItem\",\"position\":2,\"name\":\"Os nossos servi\u00e7os\",\"item\":\"https:\\\/\\\/maisonschroeder.lu\\\/pt-pt\\\/os-nossos-servicos\\\/\"},{\"@type\":\"ListItem\",\"position\":3,\"name\":\"Pellets\"}]},{\"@type\":\"WebSite\",\"@id\":\"https:\\\/\\\/maisonschroeder.lu\\\/pt-pt\\\/#website\",\"url\":\"https:\\\/\\\/maisonschroeder.lu\\\/pt-pt\\\/\",\"name\":\"Maison Schroeder | Mazout | Pellets | Leudelange\",\"description\":\"Maison Schroeder | Mazout - Pellets - Lubrifiants - ADBLUE - Veidec - Mat\u00e9riel industriel | Leudelange\",\"publisher\":{\"@id\":\"https:\\\/\\\/maisonschroeder.lu\\\/pt-pt\\\/#organization\"},\"potentialAction\":[{\"@type\":\"SearchAction\",\"target\":{\"@type\":\"EntryPoint\",\"urlTemplate\":\"https:\\\/\\\/maisonschroeder.lu\\\/pt-pt\\\/?s={search_term_string}\"},\"query-input\":{\"@type\":\"PropertyValueSpecification\",\"valueRequired\":true,\"valueName\":\"search_term_string\"}}],\"inLanguage\":\"pt-PT\"},{\"@type\":\"Organization\",\"@id\":\"https:\\\/\\\/maisonschroeder.lu\\\/pt-pt\\\/#organization\",\"name\":\"Maison Schroeder | Mazout | Pellets | Leudelange\",\"url\":\"https:\\\/\\\/maisonschroeder.lu\\\/pt-pt\\\/\",\"logo\":{\"@type\":\"ImageObject\",\"inLanguage\":\"pt-PT\",\"@id\":\"https:\\\/\\\/maisonschroeder.lu\\\/pt-pt\\\/#\\\/schema\\\/logo\\\/image\\\/\",\"url\":\"https:\\\/\\\/maisonschroeder.lu\\\/wp-content\\\/uploads\\\/2025\\\/06\\\/logo.png\",\"contentUrl\":\"https:\\\/\\\/maisonschroeder.lu\\\/wp-content\\\/uploads\\\/2025\\\/06\\\/logo.png\",\"width\":1268,\"height\":400,\"caption\":\"Maison Schroeder | Mazout | Pellets | Leudelange\"},\"image\":{\"@id\":\"https:\\\/\\\/maisonschroeder.lu\\\/pt-pt\\\/#\\\/schema\\\/logo\\\/image\\\/\"}}]}<\/script>\n<!-- \/ Yoast SEO plugin. -->","yoast_head_json":{"title":"Pellets - Maison Schroeder | Mazout | Pellets | Leudelange","robots":{"index":"index","follow":"follow","max-snippet":"max-snippet:-1","max-image-preview":"max-image-preview:large","max-video-preview":"max-video-preview:-1"},"canonical":"https:\/\/maisonschroeder.lu\/pt-pt\/os-nossos-servicos\/pellets\/","og_locale":"pt_PT","og_type":"article","og_title":"Pellets - Maison Schroeder | Mazout | Pellets | Leudelange","og_description":"Nem todos os pellets s\u00e3o iguais: opte por uma qualidade certificada para garantir o desempenho e a longevidade do seu sistema de aquecimento. Os Firestixx s\u00e3o granulados certificados Enplus e DINplus, fabricados a partir de madeira resinosa 100% nacional. Ao longo do processo de produ\u00e7\u00e3o, valores como o teor de p\u00f3, a densidade, a humidade [&hellip;]","og_url":"https:\/\/maisonschroeder.lu\/pt-pt\/os-nossos-servicos\/pellets\/","og_site_name":"Maison Schroeder | Mazout | Pellets | Leudelange","article_modified_time":"2025-09-08T11:02:46+00:00","twitter_card":"summary_large_image","twitter_misc":{"Tempo estimado de leitura":"1 minuto"},"schema":{"@context":"https:\/\/schema.org","@graph":[{"@type":"WebPage","@id":"https:\/\/maisonschroeder.lu\/pt-pt\/os-nossos-servicos\/pellets\/","url":"https:\/\/maisonschroeder.lu\/pt-pt\/os-nossos-servicos\/pellets\/","name":"Pellets - Maison Schroeder | Mazout | Pellets | Leudelange","isPartOf":{"@id":"https:\/\/maisonschroeder.lu\/pt-pt\/#website"},"datePublished":"2016-09-22T09:05:09+00:00","dateModified":"2025-09-08T11:02:46+00:00","breadcrumb":{"@id":"https:\/\/maisonschroeder.lu\/pt-pt\/os-nossos-servicos\/pellets\/#breadcrumb"},"inLanguage":"pt-PT","potentialAction":[{"@type":"ReadAction","target":["https:\/\/maisonschroeder.lu\/pt-pt\/os-nossos-servicos\/pellets\/"]}]},{"@type":"BreadcrumbList","@id":"https:\/\/maisonschroeder.lu\/pt-pt\/os-nossos-servicos\/pellets\/#breadcrumb","itemListElement":[{"@type":"ListItem","position":1,"name":"In\u00edcio","item":"https:\/\/maisonschroeder.lu\/pt-pt\/"},{"@type":"ListItem","position":2,"name":"Os nossos servi\u00e7os","item":"https:\/\/maisonschroeder.lu\/pt-pt\/os-nossos-servicos\/"},{"@type":"ListItem","position":3,"name":"Pellets"}]},{"@type":"WebSite","@id":"https:\/\/maisonschroeder.lu\/pt-pt\/#website","url":"https:\/\/maisonschroeder.lu\/pt-pt\/","name":"Maison Schroeder | Mazout | Pellets | Leudelange","description":"Maison Schroeder | Mazout - Pellets - Lubrifiants - ADBLUE - Veidec - Mat\u00e9riel industriel | Leudelange","publisher":{"@id":"https:\/\/maisonschroeder.lu\/pt-pt\/#organization"},"potentialAction":[{"@type":"SearchAction","target":{"@type":"EntryPoint","urlTemplate":"https:\/\/maisonschroeder.lu\/pt-pt\/?s={search_term_string}"},"query-input":{"@type":"PropertyValueSpecification","valueRequired":true,"valueName":"search_term_string"}}],"inLanguage":"pt-PT"},{"@type":"Organization","@id":"https:\/\/maisonschroeder.lu\/pt-pt\/#organization","name":"Maison Schroeder | Mazout | Pellets | Leudelange","url":"https:\/\/maisonschroeder.lu\/pt-pt\/","logo":{"@type":"ImageObject","inLanguage":"pt-PT","@id":"https:\/\/maisonschroeder.lu\/pt-pt\/#\/schema\/logo\/image\/","url":"https:\/\/maisonschroeder.lu\/wp-content\/uploads\/2025\/06\/logo.png","contentUrl":"https:\/\/maisonschroeder.lu\/wp-content\/uploads\/2025\/06\/logo.png","width":1268,"height":400,"caption":"Maison Schroeder | Mazout | Pellets | Leudelange"},"image":{"@id":"https:\/\/maisonschroeder.lu\/pt-pt\/#\/schema\/logo\/image\/"}}]}},"_links":{"self":[{"href":"https:\/\/maisonschroeder.lu\/pt-pt\/wp-json\/wp\/v2\/pages\/8537","targetHints":{"allow":["GET"]}}],"collection":[{"href":"https:\/\/maisonschroeder.lu\/pt-pt\/wp-json\/wp\/v2\/pages"}],"about":[{"href":"https:\/\/maisonschroeder.lu\/pt-pt\/wp-json\/wp\/v2\/types\/page"}],"author":[{"embeddable":true,"href":"https:\/\/maisonschroeder.lu\/pt-pt\/wp-json\/wp\/v2\/users\/1"}],"replies":[{"embeddable":true,"href":"https:\/\/maisonschroeder.lu\/pt-pt\/wp-json\/wp\/v2\/comments?post=8537"}],"version-history":[{"count":3,"href":"https:\/\/maisonschroeder.lu\/pt-pt\/wp-json\/wp\/v2\/pages\/8537\/revisions"}],"predecessor-version":[{"id":8716,"href":"https:\/\/maisonschroeder.lu\/pt-pt\/wp-json\/wp\/v2\/pages\/8537\/revisions\/8716"}],"up":[{"embeddable":true,"href":"https:\/\/maisonschroeder.lu\/pt-pt\/wp-json\/wp\/v2\/pages\/8532"}],"wp:attachment":[{"href":"https:\/\/maisonschroeder.lu\/pt-pt\/wp-json\/wp\/v2\/media?parent=8537"}],"curies":[{"name":"wp","href":"https:\/\/api.w.org\/{rel}","templated":true}]}}