{"id":8541,"date":"2021-10-14T07:51:47","date_gmt":"2021-10-14T05:51:47","guid":{"rendered":"https:\/\/ms.markeasy.lu\/avisos-legais\/"},"modified":"2025-09-08T13:06:34","modified_gmt":"2025-09-08T11:06:34","slug":"avisos-legais","status":"publish","type":"page","link":"https:\/\/maisonschroeder.lu\/pt-pt\/avisos-legais\/","title":{"rendered":"Avisos legais"},"content":{"rendered":"\t\t<div data-elementor-type=\"wp-page\" data-elementor-id=\"8541\" class=\"elementor elementor-8541 elementor-2193\" data-elementor-post-type=\"page\">\n\t\t\t\t\t\t<section class=\"elementor-section elementor-top-section elementor-element elementor-element-e1178bc elementor-section-stretched titre_page elementor-section-boxed elementor-section-height-default elementor-section-height-default\" data-id=\"e1178bc\" data-element_type=\"section\" data-e-type=\"section\" data-settings=\"{&quot;background_background&quot;:&quot;classic&quot;,&quot;stretch_section&quot;:&quot;section-stretched&quot;}\">\n\t\t\t\t\t\t<div class=\"elementor-container elementor-column-gap-custom\">\n\t\t\t\t\t<div class=\"elementor-column elementor-col-100 elementor-top-column elementor-element elementor-element-08f9397\" data-id=\"08f9397\" data-element_type=\"column\" data-e-type=\"column\">\n\t\t\t<div class=\"elementor-widget-wrap elementor-element-populated\">\n\t\t\t\t\t\t\t<\/div>\n\t\t<\/div>\n\t\t\t\t\t<\/div>\n\t\t<\/section>\n\t\t\t\t<section class=\"elementor-section elementor-top-section elementor-element elementor-element-cb81543 elementor-section-stretched elementor-section-boxed elementor-section-height-default elementor-section-height-default\" data-id=\"cb81543\" data-element_type=\"section\" data-e-type=\"section\" data-settings=\"{&quot;stretch_section&quot;:&quot;section-stretched&quot;}\">\n\t\t\t\t\t\t<div class=\"elementor-container elementor-column-gap-default\">\n\t\t\t\t\t<div class=\"elementor-column elementor-col-100 elementor-top-column elementor-element elementor-element-6825f7f\" data-id=\"6825f7f\" data-element_type=\"column\" data-e-type=\"column\">\n\t\t\t<div class=\"elementor-widget-wrap elementor-element-populated\">\n\t\t\t\t\t\t<div class=\"elementor-element elementor-element-fbfdb0d elementor-widget elementor-widget-spacer\" data-id=\"fbfdb0d\" data-element_type=\"widget\" data-e-type=\"widget\" data-widget_type=\"spacer.default\">\n\t\t\t\t\t\t\t<div class=\"elementor-spacer\">\n\t\t\t<div class=\"elementor-spacer-inner\"><\/div>\n\t\t<\/div>\n\t\t\t\t\t\t<\/div>\n\t\t\t\t<div class=\"elementor-element elementor-element-9a028c3 elementor-widget elementor-widget-heading\" data-id=\"9a028c3\" data-element_type=\"widget\" data-e-type=\"widget\" data-widget_type=\"heading.default\">\n\t\t\t\t\t<h2 class=\"elementor-heading-title elementor-size-default\">Edi\u00e7\u00e3o e alojamento<\/h2>\t\t\t\t<\/div>\n\t\t\t\t<div class=\"elementor-element elementor-element-95eeea5 elementor-widget elementor-widget-text-editor\" data-id=\"95eeea5\" data-element_type=\"widget\" data-e-type=\"widget\" data-widget_type=\"text-editor.default\">\n\t\t\t\t\t\t\t\t\t<p align=\"JUSTIFY\"><span lang=\"fr-FR\">Est\u00e1 atualmente ligado ao site <strong>maisonschroeder.lu<\/strong>, que \u00e9 editado por <\/span><span lang=\"fr-FR\"><strong>Maison E. Schroeder<\/strong>, registada no Registo Comercial e de Empresas<\/span> <span lang=\"fr-FR\">, cuja sede social se situa em <strong>9, rue Nicolas Brosius Z.A. Am Bann L-3372 Leudelange (Luxemburgo)<\/strong>.<\/span><\/p><p align=\"JUSTIFY\"><span lang=\"fr-FR\">Diretor da Publica\u00e7\u00e3o: <strong>Maison E. Schroeder<\/strong><br><\/span><\/p><p align=\"JUSTIFY\"><span lang=\"fr-FR\">Reda\u00e7\u00e3o: <strong>Maison E. Schroeder<\/strong><br><\/span><\/p><p align=\"JUSTIFY\"><span lang=\"fr-FR\">Conce\u00e7\u00e3o &amp; Alojamento: <a href=\"https:\/\/www.markeasy.lu\" target=\"_blank\" rel=\"noopener\"><strong>Markeasy Communication<\/strong><\/a><br><\/span><\/p>\t\t\t\t\t\t\t\t<\/div>\n\t\t\t\t<div class=\"elementor-element elementor-element-cd17230 elementor-widget elementor-widget-heading\" data-id=\"cd17230\" data-element_type=\"widget\" data-e-type=\"widget\" data-widget_type=\"heading.default\">\n\t\t\t\t\t<h2 class=\"elementor-heading-title elementor-size-default\">Propriedade intelectual<\/h2>\t\t\t\t<\/div>\n\t\t\t\t<div class=\"elementor-element elementor-element-2c7eeda elementor-widget elementor-widget-text-editor\" data-id=\"2c7eeda\" data-element_type=\"widget\" data-e-type=\"widget\" data-widget_type=\"text-editor.default\">\n\t\t\t\t\t\t\t\t\t<p align=\"JUSTIFY\"><span lang=\"fr-FR\"><strong>Maison E. Schroeder<\/strong> \u00e9 propriet\u00e1ria dos direitos de propriedade intelectual ou det\u00e9m os direitos de utiliza\u00e7\u00e3o sobre todos os elementos acess\u00edveis no site, nomeadamente textos, imagens, gr\u00e1ficos, \u00edcones, sons e software.<\/span><\/p><p align=\"JUSTIFY\"><span lang=\"fr-FR\">Cr\u00e9ditos das fotos dos visuais utilizados no site: <strong>maisonschroeder.lu<\/strong>, <\/span><span lang=\"fr-FR\">adicionar cr\u00e9dito da foto utilizada.<br><\/span><\/p><p align=\"JUSTIFY\"><span lang=\"fr-FR\">Qualquer reprodu\u00e7\u00e3o, total ou parcial, \u00e9 estritamente proibida e constitui uma contrafa\u00e7\u00e3o sancionada pelos artigos 82 e seguintes da lei de 18 de abril de 2001 sobre os direitos de autor, os direitos conexos e as bases de dados.<\/span><\/p>\t\t\t\t\t\t\t\t<\/div>\n\t\t\t\t<div class=\"elementor-element elementor-element-e293a84 elementor-widget elementor-widget-heading\" data-id=\"e293a84\" data-element_type=\"widget\" data-e-type=\"widget\" data-widget_type=\"heading.default\">\n\t\t\t\t\t<h2 class=\"elementor-heading-title elementor-size-default\">Conte\u00fado do site e direitos de reprodu\u00e7\u00e3o<\/h2>\t\t\t\t<\/div>\n\t\t\t\t<div class=\"elementor-element elementor-element-a13924e elementor-widget elementor-widget-text-editor\" data-id=\"a13924e\" data-element_type=\"widget\" data-e-type=\"widget\" data-widget_type=\"text-editor.default\">\n\t\t\t\t\t\t\t\t\t<p align=\"JUSTIFY\"><span lang=\"fr-FR\"><strong>Maison E. Schroeder<\/strong> \u00e9 propriet\u00e1ria dos direitos de propriedade intelectual ou det\u00e9m os direitos de utiliza\u00e7\u00e3o sobre todos os elementos acess\u00edveis no site, nomeadamente textos, imagens, gr\u00e1ficos, \u00edcones, sons e software.<\/span><\/p><p align=\"JUSTIFY\"><span lang=\"fr-FR\">Cr\u00e9ditos das fotos dos visuais utilizados no site: <strong>maisonschroeder.lu<\/strong>, <\/span><span lang=\"fr-FR\">adicionar cr\u00e9dito da foto utilizada por si<\/span><\/p><p align=\"JUSTIFY\"><span lang=\"fr-FR\">Qualquer reprodu\u00e7\u00e3o, total ou parcial, \u00e9 estritamente proibida e constitui uma contrafa\u00e7\u00e3o sancionada pelos artigos 82 e seguintes da lei de 18 de abril de 2001 sobre os direitos de autor, os direitos conexos e as bases de dados.<\/span><\/p>\t\t\t\t\t\t\t\t<\/div>\n\t\t\t\t<div class=\"elementor-element elementor-element-ed9b6d8 elementor-widget elementor-widget-heading\" data-id=\"ed9b6d8\" data-element_type=\"widget\" data-e-type=\"widget\" data-widget_type=\"heading.default\">\n\t\t\t\t\t<h2 class=\"elementor-heading-title elementor-size-default\">Hiperliga\u00e7\u00f5es e cookies<\/h2>\t\t\t\t<\/div>\n\t\t\t\t<div class=\"elementor-element elementor-element-2663a0d elementor-widget elementor-widget-text-editor\" data-id=\"2663a0d\" data-element_type=\"widget\" data-e-type=\"widget\" data-widget_type=\"text-editor.default\">\n\t\t\t\t\t\t\t\t\t<p align=\"JUSTIFY\"><span lang=\"fr-FR\">A inser\u00e7\u00e3o de hiperliga\u00e7\u00f5es para qualquer parte do site <strong>maisonschroeder.lu<\/strong> \u00e9 proibida, salvo autoriza\u00e7\u00e3o pr\u00e9via e escrita do Diretor da Publica\u00e7\u00e3o.<\/span><\/p><p align=\"JUSTIFY\"><span lang=\"fr-FR\">As hiperliga\u00e7\u00f5es contidas em <strong>maisonschroeder.lu<\/strong> podem remeter para outros sites web ou outras fontes da Internet. Na medida em que <strong>maisonschroeder.lu<\/strong> n\u00e3o pode controlar estes sites e estas fontes externas, n\u00e3o pode ser considerada respons\u00e1vel pela disponibiliza\u00e7\u00e3o destes sites e fontes externas e n\u00e3o pode suportar qualquer responsabilidade quanto aos conte\u00fados, publicidades, produtos, servi\u00e7os ou qualquer outro material, dispon\u00edveis em ou a partir destes sites ou fontes externas. <\/span><\/p><p align=\"JUSTIFY\"><span lang=\"fr-FR\">Al\u00e9m disso, <strong>Maison E. Schroeder<\/strong> n\u00e3o poder\u00e1 ser considerada respons\u00e1vel por qualquer dano comprovado ou alegado, consecutivo ou relacionado com a utiliza\u00e7\u00e3o dos conte\u00fados, de bens ou de servi\u00e7os dispon\u00edveis nestes sites ou fontes externas. Por fim, dentro do limite autorizado por lei, <strong>Maison E. Schroeder<\/strong> n\u00e3o poder\u00e1 ser considerada respons\u00e1vel caso o conte\u00fado dos referidos sites viole as disposi\u00e7\u00f5es legais e regulamentares em vigor. <\/span><\/p><p align=\"JUSTIFY\"><span lang=\"fr-FR\">Al\u00e9m disso, a navega\u00e7\u00e3o em <strong>maisonschroeder.lu<\/strong> pode provocar <\/span><span lang=\"fr-FR\">a instala\u00e7\u00e3o de cookies<\/span><span lang=\"fr-FR\">  no computador do utilizador. Um cookie \u00e9 um ficheiro de pequena dimens\u00e3o, que n\u00e3o permite a identifica\u00e7\u00e3o do utilizador, mas que regista informa\u00e7\u00f5es relativas \u00e0 navega\u00e7\u00e3o de um computador num site. Os dados assim obtidos visam facilitar a navega\u00e7\u00e3o posterior no site <strong>maisonschroeder.lu<\/strong> e tamb\u00e9m t\u00eam como objetivo permitir diversas medi\u00e7\u00f5es de frequ\u00eancia.  <\/span><\/p><p align=\"JUSTIFY\"><span lang=\"fr-FR\">A recusa de instala\u00e7\u00e3o de um cookie pode impossibilitar o acesso a determinados servi\u00e7os. O utilizador pode, no entanto, configurar o seu computador da seguinte forma, para recusar a instala\u00e7\u00e3o de cookies: <\/span><\/p><ul><li><p align=\"JUSTIFY\"><span lang=\"fr-FR\">No Internet Explorer: separador Ferramentas \/ op\u00e7\u00f5es de Internet. Clique em Privacidade e escolha Bloquear todos os cookies.   <\/span>Valide em Ok.<\/p><\/li><li><p align=\"JUSTIFY\"><span lang=\"fr-FR\">No Firefox: janela de prefer\u00eancias, separador Privacidade: Selecione em \u201cRegras de conserva\u00e7\u00e3o do hist\u00f3rico: Nunca guardar o hist\u00f3rico\u201d<\/span><\/p><\/li><li><p align=\"JUSTIFY\"><span lang=\"fr-FR\">No Safari: janela de prefer\u00eancias, separador Seguran\u00e7a. Assinale a caixa \u201cAceitar cookies: Nunca\u201d <\/span><\/p><\/li><\/ul>\t\t\t\t\t\t\t\t<\/div>\n\t\t\t\t<div class=\"elementor-element elementor-element-87b637e elementor-widget elementor-widget-heading\" data-id=\"87b637e\" data-element_type=\"widget\" data-e-type=\"widget\" data-widget_type=\"heading.default\">\n\t\t\t\t\t<h2 class=\"elementor-heading-title elementor-size-default\">Hiperliga\u00e7\u00f5es e cookies<\/h2>\t\t\t\t<\/div>\n\t\t\t\t<div class=\"elementor-element elementor-element-bf6648b elementor-widget elementor-widget-text-editor\" data-id=\"bf6648b\" data-element_type=\"widget\" data-e-type=\"widget\" data-widget_type=\"text-editor.default\">\n\t\t\t\t\t\t\t\t\t<p align=\"JUSTIFY\"><span lang=\"fr-FR\">Recorda-se que o sigilo das correspond\u00eancias n\u00e3o pode ser garantido na Internet e que cabe a cada utilizador tomar todas as medidas de precau\u00e7\u00e3o adequadas de forma a proteger os seus pr\u00f3prios dados e\/ou software da contamina\u00e7\u00e3o de eventuais v\u00edrus que circulem na Internet. O utilizador do site reconhece dispor da compet\u00eancia e dos meios necess\u00e1rios para aceder e utilizar este site. <\/span><\/p><p align=\"JUSTIFY\"><span lang=\"fr-FR\">O acesso ao site <strong>maisonschroeder.lu<\/strong> e a sua utiliza\u00e7\u00e3o exigem que disponha da configura\u00e7\u00e3o m\u00ednima seguinte:<\/span><\/p><ul><li><p align=\"JUSTIFY\"><span lang=\"fr-FR\">PC \u2013 Liga\u00e7\u00e3o ADSL 128 \u2013 128 MB de RAM \u2013 Processador Intel\u00ae Pentium\u00ae II a 450 MHz, ADM Athlon\u2122 a 600 MHz ou mais r\u00e1pido (ou equivalente)<\/span><\/p><\/li><li><p align=\"JUSTIFY\"><span lang=\"fr-FR\">Mac \u2013 Liga\u00e7\u00e3o ADSL 128 \u2013 128 MB de RAM \u2013 Processador Power PC\u00ae G3 a 500 MHz ou mais r\u00e1pido \/ Processador Intel Core\u2122 Duo a 1,33 GHz ou mais r\u00e1pido<\/span><\/p><\/li><li><p align=\"JUSTIFY\"><span lang=\"fr-FR\">Linux \u2013 Liga\u00e7\u00e3o ADSL 128 \u2013 512 MB de RAM \u2013 Processador moderno (a 800 MHz ou mais r\u00e1pido)<\/span><\/p><\/li><\/ul><p align=\"JUSTIFY\"><span lang=\"fr-FR\">Al\u00e9m disso, antes de qualquer utiliza\u00e7\u00e3o do site <strong>maisonschroeder.lu<\/strong>, o utilizador reconhece ter-se certificado de que o navegador utilizado permite um acesso seguro ao site.<\/span><\/p><p align=\"JUSTIFY\"><span lang=\"fr-FR\">O site <strong>maisonschroeder.lu<\/strong> est\u00e1 acess\u00edvel 24 horas por dia e 7 dias por semana, com exce\u00e7\u00e3o dos casos de for\u00e7a maior, dificuldades t\u00e9cnicas e\/ou inform\u00e1ticas.<\/span><\/p>\t\t\t\t\t\t\t\t<\/div>\n\t\t\t\t<div class=\"elementor-element elementor-element-2485732 elementor-widget elementor-widget-heading\" data-id=\"2485732\" data-element_type=\"widget\" data-e-type=\"widget\" data-widget_type=\"heading.default\">\n\t\t\t\t\t<h2 class=\"elementor-heading-title elementor-size-default\">Limita\u00e7\u00f5es de responsabilidade<\/h2>\t\t\t\t<\/div>\n\t\t\t\t<div class=\"elementor-element elementor-element-1aa24e2 elementor-widget elementor-widget-text-editor\" data-id=\"1aa24e2\" data-element_type=\"widget\" data-e-type=\"widget\" data-widget_type=\"text-editor.default\">\n\t\t\t\t\t\t\t\t\t<p><span lang=\"fr-FR\"><strong>Maison E. Schroeder<\/strong> n\u00e3o poder\u00e1 ser considerada respons\u00e1vel pelos danos diretos e indiretos causados ao material do utilizador, durante o acesso a <strong>maisonschroeder.lu<\/strong>, e resultantes da utiliza\u00e7\u00e3o de um material que n\u00e3o corresponde \u00e0s especifica\u00e7\u00f5es indicadas nas Informa\u00e7\u00f5es t\u00e9cnicas ou da ocorr\u00eancia de um bug ou de uma incompatibilidade.<\/span><\/p>\t\t\t\t\t\t\t\t<\/div>\n\t\t\t\t\t<\/div>\n\t\t<\/div>\n\t\t\t\t\t<\/div>\n\t\t<\/section>\n\t\t\t\t<\/div>\n\t\t","protected":false},"excerpt":{"rendered":"<p>Edi\u00e7\u00e3o e alojamento Est\u00e1 atualmente ligado ao site maisonschroeder.lu, que \u00e9 editado por Maison E. Schroeder, registada no Registo Comercial e de Empresas , cuja sede social se situa em 9, rue Nicolas Brosius Z.A. Am Bann L-3372 Leudelange (Luxemburgo). Diretor da Publica\u00e7\u00e3o: Maison E. Schroeder Reda\u00e7\u00e3o: Maison E. Schroeder Conce\u00e7\u00e3o &amp; Alojamento: Markeasy Communication [&hellip;]<\/p>\n","protected":false},"author":1,"featured_media":0,"parent":0,"menu_order":7,"comment_status":"closed","ping_status":"closed","template":"","meta":{"ocean_post_layout":"","ocean_both_sidebars_style":"","ocean_both_sidebars_content_width":0,"ocean_both_sidebars_sidebars_width":0,"ocean_sidebar":"0","ocean_second_sidebar":"0","ocean_disable_margins":"enable","ocean_add_body_class":"","ocean_shortcode_before_top_bar":"","ocean_shortcode_after_top_bar":"","ocean_shortcode_before_header":"","ocean_shortcode_after_header":"","ocean_has_shortcode":"","ocean_shortcode_after_title":"","ocean_shortcode_before_footer_widgets":"","ocean_shortcode_after_footer_widgets":"","ocean_shortcode_before_footer_bottom":"","ocean_shortcode_after_footer_bottom":"","ocean_display_top_bar":"default","ocean_display_header":"default","ocean_header_style":"","ocean_center_header_left_menu":"0","ocean_custom_header_template":"0","ocean_custom_logo":0,"ocean_custom_retina_logo":0,"ocean_custom_logo_max_width":0,"ocean_custom_logo_tablet_max_width":0,"ocean_custom_logo_mobile_max_width":0,"ocean_custom_logo_max_height":0,"ocean_custom_logo_tablet_max_height":0,"ocean_custom_logo_mobile_max_height":0,"ocean_header_custom_menu":"0","ocean_menu_typo_font_family":"0","ocean_menu_typo_font_subset":"","ocean_menu_typo_font_size":0,"ocean_menu_typo_font_size_tablet":0,"ocean_menu_typo_font_size_mobile":0,"ocean_menu_typo_font_size_unit":"px","ocean_menu_typo_font_weight":"","ocean_menu_typo_font_weight_tablet":"","ocean_menu_typo_font_weight_mobile":"","ocean_menu_typo_transform":"","ocean_menu_typo_transform_tablet":"","ocean_menu_typo_transform_mobile":"","ocean_menu_typo_line_height":0,"ocean_menu_typo_line_height_tablet":0,"ocean_menu_typo_line_height_mobile":0,"ocean_menu_typo_line_height_unit":"","ocean_menu_typo_spacing":0,"ocean_menu_typo_spacing_tablet":0,"ocean_menu_typo_spacing_mobile":0,"ocean_menu_typo_spacing_unit":"","ocean_menu_link_color":"","ocean_menu_link_color_hover":"","ocean_menu_link_color_active":"","ocean_menu_link_background":"","ocean_menu_link_hover_background":"","ocean_menu_link_active_background":"","ocean_menu_social_links_bg":"","ocean_menu_social_hover_links_bg":"","ocean_menu_social_links_color":"","ocean_menu_social_hover_links_color":"","ocean_disable_title":"enable","ocean_disable_heading":"on","ocean_post_title":"","ocean_post_subheading":"","ocean_post_title_style":"","ocean_post_title_background_color":"","ocean_post_title_background":0,"ocean_post_title_bg_image_position":"","ocean_post_title_bg_image_attachment":"","ocean_post_title_bg_image_repeat":"","ocean_post_title_bg_image_size":"","ocean_post_title_height":0,"ocean_post_title_bg_overlay":0.5,"ocean_post_title_bg_overlay_color":"","ocean_disable_breadcrumbs":"off","ocean_breadcrumbs_color":"","ocean_breadcrumbs_separator_color":"","ocean_breadcrumbs_links_color":"","ocean_breadcrumbs_links_hover_color":"","ocean_display_footer_widgets":"default","ocean_display_footer_bottom":"default","ocean_custom_footer_template":"0","footnotes":""},"class_list":["post-8541","page","type-page","status-publish","hentry","entry"],"yoast_head":"<!-- This site is optimized with the Yoast SEO plugin v27.4 - https:\/\/yoast.com\/product\/yoast-seo-wordpress\/ -->\n<title>Avisos legais - Maison Schroeder | Mazout | Pellets | Leudelange<\/title>\n<meta name=\"robots\" content=\"index, follow, max-snippet:-1, max-image-preview:large, max-video-preview:-1\" \/>\n<link rel=\"canonical\" href=\"https:\/\/maisonschroeder.lu\/pt-pt\/avisos-legais\/\" \/>\n<meta property=\"og:locale\" content=\"pt_PT\" \/>\n<meta property=\"og:type\" content=\"article\" \/>\n<meta property=\"og:title\" content=\"Avisos legais - Maison Schroeder | Mazout | Pellets | Leudelange\" \/>\n<meta property=\"og:description\" content=\"Edi\u00e7\u00e3o e alojamento Est\u00e1 atualmente ligado ao site maisonschroeder.lu, que \u00e9 editado por Maison E. Schroeder, registada no Registo Comercial e de Empresas , cuja sede social se situa em 9, rue Nicolas Brosius Z.A. Am Bann L-3372 Leudelange (Luxemburgo). Diretor da Publica\u00e7\u00e3o: Maison E. Schroeder Reda\u00e7\u00e3o: Maison E. Schroeder Conce\u00e7\u00e3o &amp; Alojamento: Markeasy Communication [&hellip;]\" \/>\n<meta property=\"og:url\" content=\"https:\/\/maisonschroeder.lu\/pt-pt\/avisos-legais\/\" \/>\n<meta property=\"og:site_name\" content=\"Maison Schroeder | Mazout | Pellets | Leudelange\" \/>\n<meta property=\"article:modified_time\" content=\"2025-09-08T11:06:34+00:00\" \/>\n<meta name=\"twitter:card\" content=\"summary_large_image\" \/>\n<meta name=\"twitter:label1\" content=\"Tempo estimado de leitura\" \/>\n\t<meta name=\"twitter:data1\" content=\"4 minutos\" \/>\n<script type=\"application\/ld+json\" class=\"yoast-schema-graph\">{\"@context\":\"https:\\\/\\\/schema.org\",\"@graph\":[{\"@type\":\"WebPage\",\"@id\":\"https:\\\/\\\/maisonschroeder.lu\\\/pt-pt\\\/avisos-legais\\\/\",\"url\":\"https:\\\/\\\/maisonschroeder.lu\\\/pt-pt\\\/avisos-legais\\\/\",\"name\":\"Avisos legais - Maison Schroeder | Mazout | Pellets | Leudelange\",\"isPartOf\":{\"@id\":\"https:\\\/\\\/maisonschroeder.lu\\\/pt-pt\\\/#website\"},\"datePublished\":\"2021-10-14T05:51:47+00:00\",\"dateModified\":\"2025-09-08T11:06:34+00:00\",\"breadcrumb\":{\"@id\":\"https:\\\/\\\/maisonschroeder.lu\\\/pt-pt\\\/avisos-legais\\\/#breadcrumb\"},\"inLanguage\":\"pt-PT\",\"potentialAction\":[{\"@type\":\"ReadAction\",\"target\":[\"https:\\\/\\\/maisonschroeder.lu\\\/pt-pt\\\/avisos-legais\\\/\"]}]},{\"@type\":\"BreadcrumbList\",\"@id\":\"https:\\\/\\\/maisonschroeder.lu\\\/pt-pt\\\/avisos-legais\\\/#breadcrumb\",\"itemListElement\":[{\"@type\":\"ListItem\",\"position\":1,\"name\":\"In\u00edcio\",\"item\":\"https:\\\/\\\/maisonschroeder.lu\\\/pt-pt\\\/\"},{\"@type\":\"ListItem\",\"position\":2,\"name\":\"Avisos legais\"}]},{\"@type\":\"WebSite\",\"@id\":\"https:\\\/\\\/maisonschroeder.lu\\\/pt-pt\\\/#website\",\"url\":\"https:\\\/\\\/maisonschroeder.lu\\\/pt-pt\\\/\",\"name\":\"Maison Schroeder | Mazout | Pellets | Leudelange\",\"description\":\"Maison Schroeder | Mazout - Pellets - Lubrifiants - ADBLUE - Veidec - Mat\u00e9riel industriel | Leudelange\",\"publisher\":{\"@id\":\"https:\\\/\\\/maisonschroeder.lu\\\/pt-pt\\\/#organization\"},\"potentialAction\":[{\"@type\":\"SearchAction\",\"target\":{\"@type\":\"EntryPoint\",\"urlTemplate\":\"https:\\\/\\\/maisonschroeder.lu\\\/pt-pt\\\/?s={search_term_string}\"},\"query-input\":{\"@type\":\"PropertyValueSpecification\",\"valueRequired\":true,\"valueName\":\"search_term_string\"}}],\"inLanguage\":\"pt-PT\"},{\"@type\":\"Organization\",\"@id\":\"https:\\\/\\\/maisonschroeder.lu\\\/pt-pt\\\/#organization\",\"name\":\"Maison Schroeder | Mazout | Pellets | Leudelange\",\"url\":\"https:\\\/\\\/maisonschroeder.lu\\\/pt-pt\\\/\",\"logo\":{\"@type\":\"ImageObject\",\"inLanguage\":\"pt-PT\",\"@id\":\"https:\\\/\\\/maisonschroeder.lu\\\/pt-pt\\\/#\\\/schema\\\/logo\\\/image\\\/\",\"url\":\"https:\\\/\\\/maisonschroeder.lu\\\/wp-content\\\/uploads\\\/2025\\\/06\\\/logo.png\",\"contentUrl\":\"https:\\\/\\\/maisonschroeder.lu\\\/wp-content\\\/uploads\\\/2025\\\/06\\\/logo.png\",\"width\":1268,\"height\":400,\"caption\":\"Maison Schroeder | Mazout | Pellets | Leudelange\"},\"image\":{\"@id\":\"https:\\\/\\\/maisonschroeder.lu\\\/pt-pt\\\/#\\\/schema\\\/logo\\\/image\\\/\"}}]}<\/script>\n<!-- \/ Yoast SEO plugin. -->","yoast_head_json":{"title":"Avisos legais - Maison Schroeder | Mazout | Pellets | Leudelange","robots":{"index":"index","follow":"follow","max-snippet":"max-snippet:-1","max-image-preview":"max-image-preview:large","max-video-preview":"max-video-preview:-1"},"canonical":"https:\/\/maisonschroeder.lu\/pt-pt\/avisos-legais\/","og_locale":"pt_PT","og_type":"article","og_title":"Avisos legais - Maison Schroeder | Mazout | Pellets | Leudelange","og_description":"Edi\u00e7\u00e3o e alojamento Est\u00e1 atualmente ligado ao site maisonschroeder.lu, que \u00e9 editado por Maison E. Schroeder, registada no Registo Comercial e de Empresas , cuja sede social se situa em 9, rue Nicolas Brosius Z.A. Am Bann L-3372 Leudelange (Luxemburgo). Diretor da Publica\u00e7\u00e3o: Maison E. Schroeder Reda\u00e7\u00e3o: Maison E. Schroeder Conce\u00e7\u00e3o &amp; Alojamento: Markeasy Communication [&hellip;]","og_url":"https:\/\/maisonschroeder.lu\/pt-pt\/avisos-legais\/","og_site_name":"Maison Schroeder | Mazout | Pellets | Leudelange","article_modified_time":"2025-09-08T11:06:34+00:00","twitter_card":"summary_large_image","twitter_misc":{"Tempo estimado de leitura":"4 minutos"},"schema":{"@context":"https:\/\/schema.org","@graph":[{"@type":"WebPage","@id":"https:\/\/maisonschroeder.lu\/pt-pt\/avisos-legais\/","url":"https:\/\/maisonschroeder.lu\/pt-pt\/avisos-legais\/","name":"Avisos legais - Maison Schroeder | Mazout | Pellets | Leudelange","isPartOf":{"@id":"https:\/\/maisonschroeder.lu\/pt-pt\/#website"},"datePublished":"2021-10-14T05:51:47+00:00","dateModified":"2025-09-08T11:06:34+00:00","breadcrumb":{"@id":"https:\/\/maisonschroeder.lu\/pt-pt\/avisos-legais\/#breadcrumb"},"inLanguage":"pt-PT","potentialAction":[{"@type":"ReadAction","target":["https:\/\/maisonschroeder.lu\/pt-pt\/avisos-legais\/"]}]},{"@type":"BreadcrumbList","@id":"https:\/\/maisonschroeder.lu\/pt-pt\/avisos-legais\/#breadcrumb","itemListElement":[{"@type":"ListItem","position":1,"name":"In\u00edcio","item":"https:\/\/maisonschroeder.lu\/pt-pt\/"},{"@type":"ListItem","position":2,"name":"Avisos legais"}]},{"@type":"WebSite","@id":"https:\/\/maisonschroeder.lu\/pt-pt\/#website","url":"https:\/\/maisonschroeder.lu\/pt-pt\/","name":"Maison Schroeder | Mazout | Pellets | Leudelange","description":"Maison Schroeder | Mazout - Pellets - Lubrifiants - ADBLUE - Veidec - Mat\u00e9riel industriel | Leudelange","publisher":{"@id":"https:\/\/maisonschroeder.lu\/pt-pt\/#organization"},"potentialAction":[{"@type":"SearchAction","target":{"@type":"EntryPoint","urlTemplate":"https:\/\/maisonschroeder.lu\/pt-pt\/?s={search_term_string}"},"query-input":{"@type":"PropertyValueSpecification","valueRequired":true,"valueName":"search_term_string"}}],"inLanguage":"pt-PT"},{"@type":"Organization","@id":"https:\/\/maisonschroeder.lu\/pt-pt\/#organization","name":"Maison Schroeder | Mazout | Pellets | Leudelange","url":"https:\/\/maisonschroeder.lu\/pt-pt\/","logo":{"@type":"ImageObject","inLanguage":"pt-PT","@id":"https:\/\/maisonschroeder.lu\/pt-pt\/#\/schema\/logo\/image\/","url":"https:\/\/maisonschroeder.lu\/wp-content\/uploads\/2025\/06\/logo.png","contentUrl":"https:\/\/maisonschroeder.lu\/wp-content\/uploads\/2025\/06\/logo.png","width":1268,"height":400,"caption":"Maison Schroeder | Mazout | Pellets | Leudelange"},"image":{"@id":"https:\/\/maisonschroeder.lu\/pt-pt\/#\/schema\/logo\/image\/"}}]}},"_links":{"self":[{"href":"https:\/\/maisonschroeder.lu\/pt-pt\/wp-json\/wp\/v2\/pages\/8541","targetHints":{"allow":["GET"]}}],"collection":[{"href":"https:\/\/maisonschroeder.lu\/pt-pt\/wp-json\/wp\/v2\/pages"}],"about":[{"href":"https:\/\/maisonschroeder.lu\/pt-pt\/wp-json\/wp\/v2\/types\/page"}],"author":[{"embeddable":true,"href":"https:\/\/maisonschroeder.lu\/pt-pt\/wp-json\/wp\/v2\/users\/1"}],"replies":[{"embeddable":true,"href":"https:\/\/maisonschroeder.lu\/pt-pt\/wp-json\/wp\/v2\/comments?post=8541"}],"version-history":[{"count":3,"href":"https:\/\/maisonschroeder.lu\/pt-pt\/wp-json\/wp\/v2\/pages\/8541\/revisions"}],"predecessor-version":[{"id":8718,"href":"https:\/\/maisonschroeder.lu\/pt-pt\/wp-json\/wp\/v2\/pages\/8541\/revisions\/8718"}],"wp:attachment":[{"href":"https:\/\/maisonschroeder.lu\/pt-pt\/wp-json\/wp\/v2\/media?parent=8541"}],"curies":[{"name":"wp","href":"https:\/\/api.w.org\/{rel}","templated":true}]}}